{"id":1226,"date":"2014-04-16T17:50:15","date_gmt":"2014-04-16T15:50:15","guid":{"rendered":"http:\/\/www.ecolesaintvincentdepaul-arles.fr\/?page_id=1226"},"modified":"2025-10-02T14:10:29","modified_gmt":"2025-10-02T12:10:29","slug":"vacances-2","status":"publish","type":"page","link":"https:\/\/www.ecolesaintvincentdepaul-arles.fr\/?page_id=1226","title":{"rendered":"Calendrier des vacances scolaires"},"content":{"rendered":"\n<h2 class=\"wp-block-heading has-text-align-left\">&nbsp; &nbsp; &nbsp; &nbsp; &nbsp; &nbsp; &nbsp; &nbsp; &nbsp; &nbsp; &nbsp; &nbsp; &nbsp; &nbsp; &nbsp; &nbsp; &nbsp; &nbsp; &nbsp;&nbsp;&nbsp;&nbsp;&nbsp;&nbsp;&nbsp;<strong> Ann\u00e9e 2025-202<\/strong>6<\/h2>\n\n\n\n<p><strong>Calendrier des vacances scolaires&nbsp;:<\/strong><\/p>\n\n\n\n<figure class=\"wp-block-table is-style-stripes\"><table><tbody><tr><td>Toussaint<\/td><td>du vendredi 17 octobre<br>au lundi 3 novembre 2025<\/td><\/tr><tr><td>No\u00ebl<\/td><td>du vendredi 19 d\u00e9cembre 2025 <br>au lundi 5 janvier 2026<\/td><\/tr><tr><td>Hiver<\/td><td>du vendredi 13 f\u00e9vrier <br>au lundi 2 mars 2026<\/td><\/tr><tr><td>Printemps<\/td><td>du vendredi 10 avril <br>au lundi 27 avril 2026<\/td><\/tr><tr><td>D\u00e9but de vacances d\u2019\u00e9t\u00e9<\/td><td>Vendredi 3 juillet 2026<\/td><\/tr><\/tbody><\/table><\/figure>\n\n\n\n<h5 class=\"wp-block-heading\"><em><strong>Le d\u00e9part en vacances a lieu apr\u00e8s la classe, la reprise des cours le matin des jours indiqu\u00e9s.<\/strong><\/em><\/h5>\n\n\n\n<p><strong>\u00c0 noter :<\/strong>  <em><strong><mark style=\"background-color:rgba(0, 0, 0, 0);color:#ec173e\" class=\"has-inline-color\">vendredi 15 mai 2025  &#8211;  pas de classe. <\/mark><\/strong><\/em><\/p>\n\n\n\n<ul class=\"wp-block-list\">\n<li><\/li>\n<\/ul>\n\n\n\n<h5 class=\"wp-block-heading\"><\/h5>\n\n\n\n<p><\/p>\n","protected":false},"excerpt":{"rendered":"<p>&nbsp; &nbsp; &nbsp; &nbsp; &nbsp; &nbsp; &nbsp; &nbsp; &nbsp; &nbsp; &nbsp; &nbsp; &nbsp; &nbsp; &nbsp; &nbsp; &nbsp; &nbsp; &nbsp;&nbsp;&nbsp;&nbsp;&nbsp;&nbsp;&nbsp; Ann\u00e9e 2025-2026 Calendrier des vacances scolaires&nbsp;: Toussaint du vendredi 17 octobreau lundi 3 novembre 2025 No\u00ebl du vendredi 19 d\u00e9cembre 2025 &hellip; <a href=\"https:\/\/www.ecolesaintvincentdepaul-arles.fr\/?page_id=1226\">Continuer la lecture <span class=\"meta-nav\">&rarr;<\/span><\/a><\/p>\n","protected":false},"author":13,"featured_media":0,"parent":13,"menu_order":5,"comment_status":"closed","ping_status":"open","template":"","meta":{"footnotes":""},"class_list":["post-1226","page","type-page","status-publish","hentry"],"_links":{"self":[{"href":"https:\/\/www.ecolesaintvincentdepaul-arles.fr\/index.php?rest_route=\/wp\/v2\/pages\/1226","targetHints":{"allow":["GET"]}}],"collection":[{"href":"https:\/\/www.ecolesaintvincentdepaul-arles.fr\/index.php?rest_route=\/wp\/v2\/pages"}],"about":[{"href":"https:\/\/www.ecolesaintvincentdepaul-arles.fr\/index.php?rest_route=\/wp\/v2\/types\/page"}],"author":[{"embeddable":true,"href":"https:\/\/www.ecolesaintvincentdepaul-arles.fr\/index.php?rest_route=\/wp\/v2\/users\/13"}],"replies":[{"embeddable":true,"href":"https:\/\/www.ecolesaintvincentdepaul-arles.fr\/index.php?rest_route=%2Fwp%2Fv2%2Fcomments&post=1226"}],"version-history":[{"count":8,"href":"https:\/\/www.ecolesaintvincentdepaul-arles.fr\/index.php?rest_route=\/wp\/v2\/pages\/1226\/revisions"}],"predecessor-version":[{"id":16678,"href":"https:\/\/www.ecolesaintvincentdepaul-arles.fr\/index.php?rest_route=\/wp\/v2\/pages\/1226\/revisions\/16678"}],"up":[{"embeddable":true,"href":"https:\/\/www.ecolesaintvincentdepaul-arles.fr\/index.php?rest_route=\/wp\/v2\/pages\/13"}],"wp:attachment":[{"href":"https:\/\/www.ecolesaintvincentdepaul-arles.fr\/index.php?rest_route=%2Fwp%2Fv2%2Fmedia&parent=1226"}],"curies":[{"name":"wp","href":"https:\/\/api.w.org\/{rel}","templated":true}]}}