{"id":13751,"date":"2021-07-07T09:42:07","date_gmt":"2021-07-07T07:42:07","guid":{"rendered":"https:\/\/www.ecolesaintvincentdepaul-arles.fr\/?page_id=13751"},"modified":"2025-07-03T10:07:51","modified_gmt":"2025-07-03T08:07:51","slug":"services-detude-et-de-garderie","status":"publish","type":"page","link":"https:\/\/www.ecolesaintvincentdepaul-arles.fr\/?page_id=13751","title":{"rendered":"Services d&rsquo;\u00e9tude et de garderie"},"content":{"rendered":"\n<ul class=\"wp-block-list\">\n<li>Les inscriptions aux garderies et \u00e0 l\u2019\u00e9tude s\u2019effectueront via le portail <strong>EcoleDirecte<\/strong>.<\/li>\n<\/ul>\n\n\n\n<p class=\"has-text-color has-link-color wp-elements-d3a7d2adac585e2362113519216dd22b\" style=\"color:#f60909\"><strong>Compte-tenu des r\u00e9unions de classes et afin de veiller \u00e0 la s\u00e9curit\u00e9 des \u00e9l\u00e8ves (trop nombreux), les services d\u2019\u00e9tude et de garderie du soir ne seront pas assur\u00e9s la premi\u00e8re semaine de la rentr\u00e9e, ils d\u00e9buteront le lundi 8 septembre 2025.<\/strong><\/p>\n\n\n\n<p class=\"has-text-color has-link-color wp-elements-c4e3487c43bebe17ccf1b35aa35bdab9\" style=\"color:#f60909\"><strong>Seule une garderie sera r\u00e9serv\u00e9e aux \u00e9l\u00e8ves dont les parents sont en r\u00e9union.<\/strong><\/p>\n\n\n\n<p class=\"has-text-color has-link-color wp-elements-886418a86472674204175e8393eca3c7\" style=\"color:#f20808\"><strong>La garderie du matin commencera d\u00e8s le mardi 2 septembre 2025.<\/strong><\/p>\n\n\n\n<ul class=\"wp-block-list\"><\/ul>\n\n\n\n<p>Merci de tenir compte de ces consignes, en effet les appels t\u00e9l\u00e9phoniques r\u00e9p\u00e9t\u00e9s ne permettent pas de travailler dans un climat serein.<\/p>\n\n\n\n<p><\/p>\n\n\n\n<h2 class=\"wp-block-heading\" id=\"fonctionnement-de-l-accueil\"><strong>Fonctionnement de l\u2019accueil<\/strong><\/h2>\n\n\n\n<p><\/p>\n\n\n\n<h2 class=\"wp-block-heading has-text-align-left\" id=\"le-matin-garderie\"><strong>Le matin (garderie)<\/strong><\/h2>\n\n\n\n<p>Horaire :  entre 7 h 30 et 7 h 40<\/p>\n\n\n\n<h2 class=\"wp-block-heading\"> <strong>Le soir<\/strong><\/h2>\n\n\n\n<h3 class=\"wp-block-heading\" id=\"1-garderie\"><strong><em>1. <\/em><\/strong><em><strong>Garderie<\/strong><\/em><\/h3>\n\n\n\n<p>Elle est accessible aux enfants des classes&nbsp;:<\/p>\n\n\n\n<p>&#8211; maternelle (PS \u2013 MS ou GS)<\/p>\n\n\n\n<p>&#8211; CP<\/p>\n\n\n\n<p><strong>Horaires<\/strong>&nbsp;: entre 16 h 45 et 17 h 45 pr\u00e9cises.<\/p>\n\n\n\n<p class=\"has-text-color\" style=\"color:#e20c49\"><strong>Aucune sortie ne pourra s\u2019effectuer <u>avant 17 h 30<\/u>.<\/strong><\/p>\n\n\n\n<h3 class=\"wp-block-heading\" id=\"2-etude\"><strong><em>2. &#8211; Etude<\/em><\/strong><\/h3>\n\n\n\n<p>Pour les \u00e9l\u00e8ves scolaris\u00e9s en classes \u00e9l\u00e9mentaires (CE1 au CM2), l\u2019encadrement est assur\u00e9&nbsp;:<\/p>\n\n\n\n<p>&#8211; par les enseignants les lundi, jeudi et vendredi.<\/p>\n\n\n\n<p>&#8211; par une assistante p\u00e9dagogique le mardi.<\/p>\n\n\n\n<p><strong>Horaires&nbsp;<\/strong>: entre 16 h 45 \u2013 17 h 45 pr\u00e9cises.&nbsp;<\/p>\n\n\n\n<p class=\"has-text-color\" style=\"color:#ef062d\"><strong>&nbsp;Aucune sortie ne sera possible <u>avant 17 h 45<\/u><\/strong>.<\/p>\n\n\n\n<p><em>&nbsp;&nbsp;Si votre enfant n\u2019a pu \u00eatre r\u00e9cup\u00e9r\u00e9 \u00e0 17 h 00, s\u2019il est scolaris\u00e9 en classes de&nbsp;:<\/em><\/p>\n\n\n\n<p><em>* PS, MS, GS, ou CP&nbsp; &nbsp;&nbsp;&nbsp;:   il sera plac\u00e9 en garderie jusqu\u2019\u00e0 17 h 30<\/em><\/p>\n\n\n\n<p><em>* CE1, CE2, CM1 ou CM2  : il sera plac\u00e9 en \u00e9tude jusqu\u2019\u00e0 17 h 45.<\/em><\/p>\n\n\n\n<p><strong>Rappel<\/strong>&nbsp;: tarif des services&nbsp;:<\/p>\n\n\n\n<ul class=\"wp-block-list\">\n<li>Accueil du matin&nbsp;: 1 \u20ac&nbsp;;<\/li>\n\n\n\n<li>Etude et garderie du soir&nbsp;: 3 \u20ac quel que soit l\u2019horaire 17 h 30 ou 17 h 45 &#8211; (cf l&rsquo;avenant financier)<\/li>\n<\/ul>\n\n\n\n<p><\/p>\n\n\n\n<p><\/p>\n","protected":false},"excerpt":{"rendered":"<p>Compte-tenu des r\u00e9unions de classes et afin de veiller \u00e0 la s\u00e9curit\u00e9 des \u00e9l\u00e8ves (trop nombreux), les services d\u2019\u00e9tude et de garderie du soir ne seront pas assur\u00e9s la premi\u00e8re semaine de la rentr\u00e9e, ils d\u00e9buteront le lundi 8 septembre &hellip; <a href=\"https:\/\/www.ecolesaintvincentdepaul-arles.fr\/?page_id=13751\">Continuer la lecture <span class=\"meta-nav\">&rarr;<\/span><\/a><\/p>\n","protected":false},"author":13,"featured_media":0,"parent":13,"menu_order":3,"comment_status":"closed","ping_status":"closed","template":"","meta":{"footnotes":""},"class_list":["post-13751","page","type-page","status-publish","hentry"],"_links":{"self":[{"href":"https:\/\/www.ecolesaintvincentdepaul-arles.fr\/index.php?rest_route=\/wp\/v2\/pages\/13751","targetHints":{"allow":["GET"]}}],"collection":[{"href":"https:\/\/www.ecolesaintvincentdepaul-arles.fr\/index.php?rest_route=\/wp\/v2\/pages"}],"about":[{"href":"https:\/\/www.ecolesaintvincentdepaul-arles.fr\/index.php?rest_route=\/wp\/v2\/types\/page"}],"author":[{"embeddable":true,"href":"https:\/\/www.ecolesaintvincentdepaul-arles.fr\/index.php?rest_route=\/wp\/v2\/users\/13"}],"replies":[{"embeddable":true,"href":"https:\/\/www.ecolesaintvincentdepaul-arles.fr\/index.php?rest_route=%2Fwp%2Fv2%2Fcomments&post=13751"}],"version-history":[{"count":116,"href":"https:\/\/www.ecolesaintvincentdepaul-arles.fr\/index.php?rest_route=\/wp\/v2\/pages\/13751\/revisions"}],"predecessor-version":[{"id":16666,"href":"https:\/\/www.ecolesaintvincentdepaul-arles.fr\/index.php?rest_route=\/wp\/v2\/pages\/13751\/revisions\/16666"}],"up":[{"embeddable":true,"href":"https:\/\/www.ecolesaintvincentdepaul-arles.fr\/index.php?rest_route=\/wp\/v2\/pages\/13"}],"wp:attachment":[{"href":"https:\/\/www.ecolesaintvincentdepaul-arles.fr\/index.php?rest_route=%2Fwp%2Fv2%2Fmedia&parent=13751"}],"curies":[{"name":"wp","href":"https:\/\/api.w.org\/{rel}","templated":true}]}}