{"id":145,"date":"2014-01-21T19:16:44","date_gmt":"2014-01-21T18:16:44","guid":{"rendered":"http:\/\/www.ecolesaintvincentdepaul-arles.fr\/?page_id=145"},"modified":"2024-09-10T15:00:27","modified_gmt":"2024-09-10T13:00:27","slug":"focus","status":"publish","type":"page","link":"https:\/\/www.ecolesaintvincentdepaul-arles.fr\/?page_id=145","title":{"rendered":"St Vincent de Paul"},"content":{"rendered":"<p><b>\u00a0\u00a0\u00a0\u00a0\u00a0<a href=\"http:\/\/www.ecolesaintvincentdepaul-arles.fr\/wp-content\/uploads\/2014\/03\/st-vincent.png\"><img loading=\"lazy\" decoding=\"async\" class=\"alignleft  wp-image-337\" src=\"http:\/\/www.ecolesaintvincentdepaul-arles.fr\/wp-content\/uploads\/2014\/03\/st-vincent-150x150.png\" alt=\"St Vincent de Paul \" width=\"172\" height=\"172\" \/><\/a>\u00a0\u00a0\u00a0\u00a0\u00a0\u00a0\u00a0\u00a0\u00a0\u00a0\u00a0\u00a0\u00a0\u00a0\u00a0\u00a0\u00a0\u00a0\u00a0\u00a0\u00a0\u00a0\u00a0\u00a0\u00a0\u00a0\u00a0\u00a0\u00a0\u00a0\u00a0\u00a0\u00a0\u00a0\u00a0\u00a0\u00a0\u00a0\u00a0\u00a0\u00a0\u00a0\u00a0 <\/b><\/p>\n<p style=\"text-align: left;\"><b>\u00a0 \u00a0 \u00a0\u00a0<\/b> \u00a0 N\u00e9 au village de Pouy pr\u00e8s de Dax le 24 avril 1581 ou 1576, mort le 27 septembre 1660<time datetime=\"1660-09-27\"><\/time>, il fut une figure marquante du renouveau spirituel et apostolique du\u00a0XVIIe si\u00e8cle fran\u00e7ais, pr\u00eatre, fondateur de congr\u00e9gations qui \u0153uvra tout au long de sa vie pour soulager la mis\u00e8re mat\u00e9rielle et morale. (<a href=\"http:\/\/fr.wikipedia.org\/wiki\/Vincent_de_Paul\">Biographie<\/a>)<\/p>\n<h2><\/h2>\n<p style=\"text-align: left;\">\u00a0<b><\/b><\/p>\n","protected":false},"excerpt":{"rendered":"<p>\u00a0\u00a0\u00a0\u00a0\u00a0\u00a0\u00a0\u00a0\u00a0\u00a0\u00a0\u00a0\u00a0\u00a0\u00a0\u00a0\u00a0\u00a0\u00a0\u00a0\u00a0\u00a0\u00a0\u00a0\u00a0\u00a0\u00a0\u00a0\u00a0\u00a0\u00a0\u00a0\u00a0\u00a0\u00a0\u00a0\u00a0\u00a0\u00a0\u00a0\u00a0\u00a0\u00a0\u00a0\u00a0\u00a0\u00a0\u00a0 \u00a0 \u00a0 \u00a0\u00a0 \u00a0 N\u00e9 au village de Pouy pr\u00e8s de Dax le 24 avril 1581 ou 1576, mort le 27 septembre 1660, il fut une figure marquante du renouveau spirituel et apostolique du\u00a0XVIIe si\u00e8cle fran\u00e7ais, pr\u00eatre, fondateur de &hellip; <a href=\"https:\/\/www.ecolesaintvincentdepaul-arles.fr\/?page_id=145\">Continuer la lecture <span class=\"meta-nav\">&rarr;<\/span><\/a><\/p>\n","protected":false},"author":13,"featured_media":0,"parent":0,"menu_order":3,"comment_status":"closed","ping_status":"closed","template":"","meta":{"footnotes":""},"class_list":["post-145","page","type-page","status-publish","hentry"],"_links":{"self":[{"href":"https:\/\/www.ecolesaintvincentdepaul-arles.fr\/index.php?rest_route=\/wp\/v2\/pages\/145","targetHints":{"allow":["GET"]}}],"collection":[{"href":"https:\/\/www.ecolesaintvincentdepaul-arles.fr\/index.php?rest_route=\/wp\/v2\/pages"}],"about":[{"href":"https:\/\/www.ecolesaintvincentdepaul-arles.fr\/index.php?rest_route=\/wp\/v2\/types\/page"}],"author":[{"embeddable":true,"href":"https:\/\/www.ecolesaintvincentdepaul-arles.fr\/index.php?rest_route=\/wp\/v2\/users\/13"}],"replies":[{"embeddable":true,"href":"https:\/\/www.ecolesaintvincentdepaul-arles.fr\/index.php?rest_route=%2Fwp%2Fv2%2Fcomments&post=145"}],"version-history":[{"count":1,"href":"https:\/\/www.ecolesaintvincentdepaul-arles.fr\/index.php?rest_route=\/wp\/v2\/pages\/145\/revisions"}],"predecessor-version":[{"id":16369,"href":"https:\/\/www.ecolesaintvincentdepaul-arles.fr\/index.php?rest_route=\/wp\/v2\/pages\/145\/revisions\/16369"}],"wp:attachment":[{"href":"https:\/\/www.ecolesaintvincentdepaul-arles.fr\/index.php?rest_route=%2Fwp%2Fv2%2Fmedia&parent=145"}],"curies":[{"name":"wp","href":"https:\/\/api.w.org\/{rel}","templated":true}]}}