{"id":16113,"date":"2024-02-12T08:22:53","date_gmt":"2024-02-12T07:22:53","guid":{"rendered":"https:\/\/www.ecolesaintvincentdepaul-arles.fr\/?page_id=16113"},"modified":"2024-09-10T15:07:21","modified_gmt":"2024-09-10T13:07:21","slug":"patronage","status":"publish","type":"page","link":"https:\/\/www.ecolesaintvincentdepaul-arles.fr\/?page_id=16113","title":{"rendered":"Patronage"},"content":{"rendered":"\n<p>Patronage du Carmel<\/p>\n\n\n\n<p>En lien \u00e9troit avec la paroisse, l\u2019association Enfance Pays d\u2019Arles accueille les enfants de 6 \u00e0 12 ans, dans le cadre du \u00ab&nbsp;patronage&nbsp;\u00bb, le mercredi, et pendant certaines semaines de vacances.<\/p>\n\n\n\n<p>Au programme, des jeux, des activit\u00e9s manuelles, artistiques, sportives, du chant, dans un climat familial.<\/p>\n\n\n\n<p><strong>MERCREDI <\/strong>:<\/p>\n\n\n\n<p>Trois formules possibles\u2009:<\/p>\n\n\n\n<p>\u2013 toute la journ\u00e9e (8\u2009h\u2009-18h), arriv\u00e9e entre 8h et 9h30 ; d\u00e9part entre 17h et 18h<\/p>\n\n\n\n<p>\u2013 la matin\u00e9e (8\u2009h-13h30), arriv\u00e9e entre 8h et 9h30 ; d\u00e9part entre 13h15 et 13h30<\/p>\n\n\n\n<p>\u2013 l\u2019apr\u00e8s-midi (12\u2009h\u2009-18h). arriv\u00e9e entre 12h et 12h15 ; d\u00e9part entre 17h et 18h<\/p>\n\n\n\n<p><strong>SEMAINES DE VACANCES <\/strong>propos\u00e9es en 2024-2025\u00a0: 21 au 25 octobre, 28 au 31 octobre (1<sup>er<\/sup> novembre f\u00e9ri\u00e9), 17 au 21 f\u00e9vrier, 7 au 11 avril, 7 au 11 juillet, 18 au 22 ao\u00fbt et 25 au 29 ao\u00fbt. Un camp sera propos\u00e9 du 25 au 22 juillet (lieu \u00e0 pr\u00e9ciser).<\/p>\n\n\n\n<p>Contact\u2009: Aur\u00e9lia Silverio, directrice au <strong>06\u200908\u200980\u200912\u200936<\/strong> ou <strong>patronagearles@gmail.com<\/strong><\/p>\n","protected":false},"excerpt":{"rendered":"<p>Patronage du Carmel En lien \u00e9troit avec la paroisse, l\u2019association Enfance Pays d\u2019Arles accueille les enfants de 6 \u00e0 12 ans, dans le cadre du \u00ab&nbsp;patronage&nbsp;\u00bb, le mercredi, et pendant certaines semaines de vacances. Au programme, des jeux, des activit\u00e9s &hellip; <a href=\"https:\/\/www.ecolesaintvincentdepaul-arles.fr\/?page_id=16113\">Continuer la lecture <span class=\"meta-nav\">&rarr;<\/span><\/a><\/p>\n","protected":false},"author":13,"featured_media":0,"parent":0,"menu_order":4,"comment_status":"closed","ping_status":"closed","template":"","meta":{"footnotes":""},"class_list":["post-16113","page","type-page","status-publish","hentry"],"_links":{"self":[{"href":"https:\/\/www.ecolesaintvincentdepaul-arles.fr\/index.php?rest_route=\/wp\/v2\/pages\/16113","targetHints":{"allow":["GET"]}}],"collection":[{"href":"https:\/\/www.ecolesaintvincentdepaul-arles.fr\/index.php?rest_route=\/wp\/v2\/pages"}],"about":[{"href":"https:\/\/www.ecolesaintvincentdepaul-arles.fr\/index.php?rest_route=\/wp\/v2\/types\/page"}],"author":[{"embeddable":true,"href":"https:\/\/www.ecolesaintvincentdepaul-arles.fr\/index.php?rest_route=\/wp\/v2\/users\/13"}],"replies":[{"embeddable":true,"href":"https:\/\/www.ecolesaintvincentdepaul-arles.fr\/index.php?rest_route=%2Fwp%2Fv2%2Fcomments&post=16113"}],"version-history":[{"count":6,"href":"https:\/\/www.ecolesaintvincentdepaul-arles.fr\/index.php?rest_route=\/wp\/v2\/pages\/16113\/revisions"}],"predecessor-version":[{"id":16371,"href":"https:\/\/www.ecolesaintvincentdepaul-arles.fr\/index.php?rest_route=\/wp\/v2\/pages\/16113\/revisions\/16371"}],"wp:attachment":[{"href":"https:\/\/www.ecolesaintvincentdepaul-arles.fr\/index.php?rest_route=%2Fwp%2Fv2%2Fmedia&parent=16113"}],"curies":[{"name":"wp","href":"https:\/\/api.w.org\/{rel}","templated":true}]}}