{"id":16136,"date":"2024-02-12T09:23:51","date_gmt":"2024-02-12T08:23:51","guid":{"rendered":"https:\/\/www.ecolesaintvincentdepaul-arles.fr\/?page_id=16136"},"modified":"2025-02-25T09:36:52","modified_gmt":"2025-02-25T08:36:52","slug":"actions","status":"publish","type":"page","link":"https:\/\/www.ecolesaintvincentdepaul-arles.fr\/?page_id=16136","title":{"rendered":"Actions"},"content":{"rendered":"\n<figure class=\"wp-block-image size-large\"><a href=\"https:\/\/www.ecolesaintvincentdepaul-arles.fr\/wp-content\/uploads\/2025\/02\/Affiche-Chocolats-de-Paques-2025_Page_1.png\"><img loading=\"lazy\" decoding=\"async\" width=\"725\" height=\"1024\" src=\"https:\/\/www.ecolesaintvincentdepaul-arles.fr\/wp-content\/uploads\/2025\/02\/Affiche-Chocolats-de-Paques-2025_Page_1-725x1024.png\" alt=\"\" class=\"wp-image-16471\" srcset=\"https:\/\/www.ecolesaintvincentdepaul-arles.fr\/wp-content\/uploads\/2025\/02\/Affiche-Chocolats-de-Paques-2025_Page_1-725x1024.png 725w, https:\/\/www.ecolesaintvincentdepaul-arles.fr\/wp-content\/uploads\/2025\/02\/Affiche-Chocolats-de-Paques-2025_Page_1-212x300.png 212w, https:\/\/www.ecolesaintvincentdepaul-arles.fr\/wp-content\/uploads\/2025\/02\/Affiche-Chocolats-de-Paques-2025_Page_1-768x1085.png 768w, https:\/\/www.ecolesaintvincentdepaul-arles.fr\/wp-content\/uploads\/2025\/02\/Affiche-Chocolats-de-Paques-2025_Page_1-1087x1536.png 1087w, https:\/\/www.ecolesaintvincentdepaul-arles.fr\/wp-content\/uploads\/2025\/02\/Affiche-Chocolats-de-Paques-2025_Page_1-1450x2048.png 1450w, https:\/\/www.ecolesaintvincentdepaul-arles.fr\/wp-content\/uploads\/2025\/02\/Affiche-Chocolats-de-Paques-2025_Page_1-250x353.png 250w, https:\/\/www.ecolesaintvincentdepaul-arles.fr\/wp-content\/uploads\/2025\/02\/Affiche-Chocolats-de-Paques-2025_Page_1-400x565.png 400w, https:\/\/www.ecolesaintvincentdepaul-arles.fr\/wp-content\/uploads\/2025\/02\/Affiche-Chocolats-de-Paques-2025_Page_1.png 1656w\" sizes=\"auto, (max-width: 725px) 100vw, 725px\" \/><\/a><\/figure>\n\n\n\n<figure class=\"wp-block-image size-large\"><a href=\"https:\/\/www.ecolesaintvincentdepaul-arles.fr\/wp-content\/uploads\/2025\/02\/Affiche-vente-fleurs-2025_Page_1.jpeg\"><img loading=\"lazy\" decoding=\"async\" width=\"724\" height=\"1024\" src=\"https:\/\/www.ecolesaintvincentdepaul-arles.fr\/wp-content\/uploads\/2025\/02\/Affiche-vente-fleurs-2025_Page_1-724x1024.jpeg\" alt=\"\" class=\"wp-image-16475\" srcset=\"https:\/\/www.ecolesaintvincentdepaul-arles.fr\/wp-content\/uploads\/2025\/02\/Affiche-vente-fleurs-2025_Page_1-724x1024.jpeg 724w, https:\/\/www.ecolesaintvincentdepaul-arles.fr\/wp-content\/uploads\/2025\/02\/Affiche-vente-fleurs-2025_Page_1-212x300.jpeg 212w, https:\/\/www.ecolesaintvincentdepaul-arles.fr\/wp-content\/uploads\/2025\/02\/Affiche-vente-fleurs-2025_Page_1-768x1086.jpeg 768w, https:\/\/www.ecolesaintvincentdepaul-arles.fr\/wp-content\/uploads\/2025\/02\/Affiche-vente-fleurs-2025_Page_1-1086x1536.jpeg 1086w, https:\/\/www.ecolesaintvincentdepaul-arles.fr\/wp-content\/uploads\/2025\/02\/Affiche-vente-fleurs-2025_Page_1-1448x2048.jpeg 1448w, https:\/\/www.ecolesaintvincentdepaul-arles.fr\/wp-content\/uploads\/2025\/02\/Affiche-vente-fleurs-2025_Page_1-250x354.jpeg 250w, https:\/\/www.ecolesaintvincentdepaul-arles.fr\/wp-content\/uploads\/2025\/02\/Affiche-vente-fleurs-2025_Page_1-400x566.jpeg 400w, https:\/\/www.ecolesaintvincentdepaul-arles.fr\/wp-content\/uploads\/2025\/02\/Affiche-vente-fleurs-2025_Page_1.jpeg 1654w\" sizes=\"auto, (max-width: 724px) 100vw, 724px\" \/><\/a><\/figure>\n\n\n\n<p>Madame, Monsieur, chers parents<\/p>\n\n\n\n<p>La nouvelle ann\u00e9e scolaire d\u00e9bute. Nos enfants viennent de prendre ou de reprendre leur place \u00e0 l\u2019\u00e9cole Saint Vincent de Paul. Notre association reprend \u00e9galement ses activit\u00e9s au service des familles, en liaison \u00e9troite avec la direction et la communaut\u00e9 \u00e9ducative, pour le plus grand bien de l\u2019\u00e9ducation que nous voulons tous donner \u00e0 nos enfants.<\/p>\n\n\n\n<p>Aussi sommes-nous heureux de vous inviter \u00e0 participer \u00e0 l\u2019assembl\u00e9e g\u00e9n\u00e9rale de l\u2019APEL de l\u2019\u00e9cole Saint Vincent de Paul qui aura lieu le <strong>13 septembre \u00e0 partir 17h (AG \u00e0 17h45)<\/strong><br>au sein de l\u2019\u00e9cole, entr\u00e9e rue Tour de Fabre.<br>Vous serez accueillis  d\u00e8s 17 h avec un rafra\u00eechissement dans le but d\u2019\u00e9changer sur les sujets qui vous tiennent \u00e0 c\u0153ur pour l\u2019\u00e9cole, et sur le r\u00f4le que vous pouvez jouer \u00e0 l\u2019APEL.<br>Je vous rappelle qu\u2019au cas o\u00f9 vous ne pourriez assister vous-m\u00eame \u00e0 la r\u00e9union, vous pouvez vous y faire repr\u00e9senter par un autre membre qui devra \u00eatre muni d\u2019un pouvoir r\u00e9gulier et ce, conform\u00e9ment aux dispositions de l\u2019article \u2026 des statuts.<\/p>\n\n\n\n<p>Si vous \u00eates membre de l\u2019Apel, vous participez de plein droit \u00e0 cette assembl\u00e9e g\u00e9n\u00e9rale. Vous disposez d\u2019une voix d\u00e9lib\u00e9rative. Vous prenez part aux votes. Un bulletin de vote vous sera remis lors de l\u2019accueil, apr\u00e8s \u00e9margement de la liste de pr\u00e9sence.<br>Si vous n\u2019\u00eates pas membre de l\u2019Apel, vous \u00eates n\u00e9anmoins cordialement invit\u00e9. Vous pouvez assister aux d\u00e9bats, mais vous ne pouvez pas prendre part aux votes. Vous pouvez cependant vous inscrire \u00e0 l\u2019association, si vous le d\u00e9sirez, lors de votre pr\u00e9sentation \u00e0 l\u2019accueil, ou \u00e0 l\u2019issue de l\u2019assembl\u00e9e.<\/p>\n\n\n\n<p>L\u2019APEL ne vit et n\u2019est repr\u00e9sentative que gr\u00e2ce \u00e0 votre pr\u00e9sence, \u00e0 votre engagement et \u00e0 votre action. Son souffle, son dynamisme et sa pr\u00e9sence reposent sur vous. Nous vous attendons nombreux \u00e0 cette Assembl\u00e9e g\u00e9n\u00e9rale. Si vous \u00eates volontaire et disponible, rejoignez-nous au conseil d\u2019administration, v\u00e9ritable moteur de notre association.<\/p>\n\n\n\n<p>Cordialement ,<br>Chlo\u00e9 Laurier<br>Pr\u00e9sidente et les membres du conseil d\u2019administration de l\u2019APEL Saint Vincent de Paul<strong>&nbsp;<\/strong><\/p>\n\n\n\n<p><\/p>\n\n\n\n<p class=\"has-text-align-center\">-=-=-=-=-=-=-=-=-=-=<\/p>\n\n\n\n<figure class=\"wp-block-gallery has-nested-images columns-default is-cropped wp-block-gallery-1 is-layout-flex wp-block-gallery-is-layout-flex\"><\/figure>\n\n\n\n<figure class=\"wp-block-gallery has-nested-images columns-default is-cropped wp-block-gallery-2 is-layout-flex wp-block-gallery-is-layout-flex\"><\/figure>\n\n\n","protected":false},"excerpt":{"rendered":"<p>Madame, Monsieur, chers parents La nouvelle ann\u00e9e scolaire d\u00e9bute. Nos enfants viennent de prendre ou de reprendre leur place \u00e0 l\u2019\u00e9cole Saint Vincent de Paul. Notre association reprend \u00e9galement ses activit\u00e9s au service des familles, en liaison \u00e9troite avec la &hellip; <a href=\"https:\/\/www.ecolesaintvincentdepaul-arles.fr\/?page_id=16136\">Continuer la lecture <span class=\"meta-nav\">&rarr;<\/span><\/a><\/p>\n","protected":false},"author":13,"featured_media":0,"parent":40,"menu_order":2,"comment_status":"closed","ping_status":"closed","template":"","meta":{"footnotes":""},"class_list":["post-16136","page","type-page","status-publish","hentry"],"_links":{"self":[{"href":"https:\/\/www.ecolesaintvincentdepaul-arles.fr\/index.php?rest_route=\/wp\/v2\/pages\/16136","targetHints":{"allow":["GET"]}}],"collection":[{"href":"https:\/\/www.ecolesaintvincentdepaul-arles.fr\/index.php?rest_route=\/wp\/v2\/pages"}],"about":[{"href":"https:\/\/www.ecolesaintvincentdepaul-arles.fr\/index.php?rest_route=\/wp\/v2\/types\/page"}],"author":[{"embeddable":true,"href":"https:\/\/www.ecolesaintvincentdepaul-arles.fr\/index.php?rest_route=\/wp\/v2\/users\/13"}],"replies":[{"embeddable":true,"href":"https:\/\/www.ecolesaintvincentdepaul-arles.fr\/index.php?rest_route=%2Fwp%2Fv2%2Fcomments&post=16136"}],"version-history":[{"count":12,"href":"https:\/\/www.ecolesaintvincentdepaul-arles.fr\/index.php?rest_route=\/wp\/v2\/pages\/16136\/revisions"}],"predecessor-version":[{"id":16476,"href":"https:\/\/www.ecolesaintvincentdepaul-arles.fr\/index.php?rest_route=\/wp\/v2\/pages\/16136\/revisions\/16476"}],"up":[{"embeddable":true,"href":"https:\/\/www.ecolesaintvincentdepaul-arles.fr\/index.php?rest_route=\/wp\/v2\/pages\/40"}],"wp:attachment":[{"href":"https:\/\/www.ecolesaintvincentdepaul-arles.fr\/index.php?rest_route=%2Fwp%2Fv2%2Fmedia&parent=16136"}],"curies":[{"name":"wp","href":"https:\/\/api.w.org\/{rel}","templated":true}]}}