{"id":291,"date":"2014-03-22T06:05:31","date_gmt":"2014-03-22T05:05:31","guid":{"rendered":"http:\/\/www.ecolesaintvincentdepaul-arles.fr\/?page_id=291"},"modified":"2025-07-03T10:01:54","modified_gmt":"2025-07-03T08:01:54","slug":"cantine","status":"publish","type":"page","link":"https:\/\/www.ecolesaintvincentdepaul-arles.fr\/?page_id=291","title":{"rendered":"Cantine"},"content":{"rendered":"\n<div class=\"wp-block-group\"><div class=\"wp-block-group__inner-container is-layout-flow wp-block-group-is-layout-flow\">\n<ul>\n<li>\n<h4><strong><em>Inscription<\/em><\/strong> <em><strong>cantine <br \/><\/strong><\/em><\/h4>\n<\/li>\n<\/ul>\n<p>Chers parents,<\/p>\n<p>\u00a0<\/p>\n<p>Les inscriptions \u00e0 la cantine pour l\u2019ann\u00e9e scolaire 2025\/2026 seront \u00e0 effectuer jusqu\u2019au <strong><em>25 ao\u00fbt<\/em><\/strong> 2025 par voie informatique. Il sera n\u00e9cessaire de vous connecter sur le \u00ab\u00a0portail\u00a0\u00bb <strong>EcoleDirecte<\/strong>\u00a0; un identifiant vous sera envoy\u00e9 dans un prochain mail.<\/p>\n<p>Les \u00e9l\u00e8ves qui fr\u00e9quenteront la cantine de fa\u00e7on r\u00e9guli\u00e8re (tous les jours ou certains jours de la semaine) peuvent \u00eatre inscrits pour toute l\u2019ann\u00e9e.<\/p>\n<p>\u00a0Les inscriptions devront s\u2019effectuer sur le site <strong>EcoleDirecte<\/strong> 5 jours avant, compte- tenu du d\u00e9lai \u00e0 respecter pour les commandes aupr\u00e8s de notre prestataire.<\/p>\n<p>Demande exceptionnelle\u00a0: en cas de \u00ab\u00a0<u>probl\u00e8me majeur<\/u>\u00a0\u00bb et uniquement dans ce cas, les parents pourront inscrire leur enfant le matin \u00e0 08h30 <u>en appelant le secr\u00e9tariat ou en envoyant un mail. <\/u><\/p>\n<p>Il est bien entendu que l\u2019inscription de derni\u00e8re minute ne peut <strong><u>\u00eatre qu\u2019exceptionnelle et motiv\u00e9e par un fait important<\/u><\/strong> (un justificatif \u00e9crit vous sera demand\u00e9).<\/p>\n<p>Le tarif exceptionnel sera appliqu\u00e9.<\/p>\n<p><strong><em>\u00a0Pour la premi\u00e8re semaine de l\u2019ann\u00e9e scolaire, il ne sera pas possible de tenir compte des inscriptions hors d\u00e9lai, soit apr\u00e8s le 25 ao\u00fbt 2025<\/em><\/strong>.<\/p>\n<p>Pour faciliter l\u2019organisation du service de restauration, nous vous remercions de bien vouloir respecter ces consignes.<\/p>\n<p>Bonnes vacances,<br \/>Nathalie Macchi et Marie-Louise Moreno-Bal\u00e8s<\/p>\n<ul>\n<li>\n<h4><em><strong>Menus :<\/strong><\/em><\/h4>\n<p>A partir de cette rentr\u00e9e scolaire nous changeons de prestataire de restauration. Nous allons d\u00e9sormais travailler avec la soci\u00e9t\u00e9 API.<\/p>\n<p>Pour acc\u00e9der aux menus tout au long de l&rsquo;ann\u00e9e vous devrez vous connecter en suivant le lien ci-dessous:<\/p>\n<p><a href=\"https:\/\/www.c-est-pret.com\/scolaire\/accueil\/0574d4769b5741a09d1b7da7d1d0ab90\">https:\/\/www.c-est-pret.com\/scolaire\/accueil\/0574d4769b5741a09d1b7da7d1d0ab90<\/a><\/p>\n<\/li>\n<\/ul>\n\n\n\n<p><\/p>\n<\/div><\/div>\n\n\n\n<p><\/p>\n\n\n\n<p><\/p>\n","protected":false},"excerpt":{"rendered":"<p>Inscription cantine Chers parents, \u00a0 Les inscriptions \u00e0 la cantine pour l\u2019ann\u00e9e scolaire 2025\/2026 seront \u00e0 effectuer jusqu\u2019au 25 ao\u00fbt 2025 par voie informatique. Il sera n\u00e9cessaire de vous connecter sur le \u00ab\u00a0portail\u00a0\u00bb EcoleDirecte\u00a0; un identifiant vous sera envoy\u00e9 dans &hellip; <a href=\"https:\/\/www.ecolesaintvincentdepaul-arles.fr\/?page_id=291\">Continuer la lecture <span class=\"meta-nav\">&rarr;<\/span><\/a><\/p>\n","protected":false},"author":13,"featured_media":0,"parent":13,"menu_order":2,"comment_status":"closed","ping_status":"closed","template":"","meta":{"footnotes":""},"class_list":["post-291","page","type-page","status-publish","hentry"],"_links":{"self":[{"href":"https:\/\/www.ecolesaintvincentdepaul-arles.fr\/index.php?rest_route=\/wp\/v2\/pages\/291","targetHints":{"allow":["GET"]}}],"collection":[{"href":"https:\/\/www.ecolesaintvincentdepaul-arles.fr\/index.php?rest_route=\/wp\/v2\/pages"}],"about":[{"href":"https:\/\/www.ecolesaintvincentdepaul-arles.fr\/index.php?rest_route=\/wp\/v2\/types\/page"}],"author":[{"embeddable":true,"href":"https:\/\/www.ecolesaintvincentdepaul-arles.fr\/index.php?rest_route=\/wp\/v2\/users\/13"}],"replies":[{"embeddable":true,"href":"https:\/\/www.ecolesaintvincentdepaul-arles.fr\/index.php?rest_route=%2Fwp%2Fv2%2Fcomments&post=291"}],"version-history":[{"count":168,"href":"https:\/\/www.ecolesaintvincentdepaul-arles.fr\/index.php?rest_route=\/wp\/v2\/pages\/291\/revisions"}],"predecessor-version":[{"id":16664,"href":"https:\/\/www.ecolesaintvincentdepaul-arles.fr\/index.php?rest_route=\/wp\/v2\/pages\/291\/revisions\/16664"}],"up":[{"embeddable":true,"href":"https:\/\/www.ecolesaintvincentdepaul-arles.fr\/index.php?rest_route=\/wp\/v2\/pages\/13"}],"wp:attachment":[{"href":"https:\/\/www.ecolesaintvincentdepaul-arles.fr\/index.php?rest_route=%2Fwp%2Fv2%2Fmedia&parent=291"}],"curies":[{"name":"wp","href":"https:\/\/api.w.org\/{rel}","templated":true}]}}