{"id":298,"date":"2014-03-22T07:10:46","date_gmt":"2014-03-22T06:10:46","guid":{"rendered":"http:\/\/www.ecolesaintvincentdepaul-arles.fr\/?page_id=298"},"modified":"2024-10-15T12:08:41","modified_gmt":"2024-10-15T10:08:41","slug":"horaires","status":"publish","type":"page","link":"https:\/\/www.ecolesaintvincentdepaul-arles.fr\/?page_id=298","title":{"rendered":"Horaires"},"content":{"rendered":"<ul>\n<li><strong>Am\u00e9nagement du temps scolaire :<\/strong><\/li>\n<\/ul>\n<p><strong>L<\/strong><strong>e matin<\/strong> :<\/p>\n<p>8h30\u00a0 \u00e0 11h30,<\/p>\n<p><strong>L\u2019apr\u00e8s-midi :<br \/>\n<\/strong><\/p>\n<p>13h30 \u00e0 16h30 (classes maternelles)<\/p>\n<p>13h30 \u00e0 16h45 (classes \u00e9l\u00e9mentaires)<\/p>\n<h4><strong>\u00a0<em>En cas de retard (cf. r\u00e8glement int\u00e9rieur) :<br \/>\n<\/em><\/strong><\/h4>\n<h4><em><strong>&#8211; <\/strong>Au-del\u00e0 de 8 h 40 l\u2019\u00e9l\u00e8ve ne sera pas accept\u00e9 en classe, toutefois il pourra \u00eatre accueilli \u00e0 <\/em><em>11 h 30 pour d\u00e9jeuner \u00e0 la cantine si son repas a \u00e9t\u00e9 command\u00e9. Dans ce cas, il faudra en avertir le secr\u00e9tariat.<br \/>\n<\/em><\/h4>\n<h4><strong>&#8211;<\/strong> <em>Au-del\u00e0 de 13h40, l\u2019\u00e9l\u00e8ve ne sera pas accept\u00e9 en classe<\/em><\/h4>\n<p style=\"text-align: center;\">-=-=-=-=-=-=-=<\/p>\n<ul>\n<li><strong>Garderie :<br \/>\n<\/strong><\/li>\n<\/ul>\n<p>L\u2019\u00e9cole est ouverte, le matin \u00e0 partir de <strong>7h30<\/strong>. Le service de garderie est assur\u00e9 par les aides maternelles <strong>jusqu\u2019\u00e0\u00a08h15<\/strong>. Le soir, ce service est \u00e9galement propos\u00e9 de <strong>16h45 \u00e0 17h45<\/strong>.<\/p>\n<p style=\"text-align: center;\">-=-=-=-=-=-=-=<\/p>\n<ul>\n<li><strong>Etude :<br \/>\n<\/strong><\/li>\n<\/ul>\n<p><em>De <\/em><strong>16h45 \u00e0 17h45, <\/strong>les enfants de cycle 2 et 3 sont encadr\u00e9s par un enseignant et une assistante p\u00e9dagogique qui assurent l\u2019aide aux devoirs.<\/p>\n<p style=\"text-align: center;\">-=-=-=-=-=-=-=<\/p>\n<ul>\n<li><strong>Horaires d&rsquo;ouverture du secr\u00e9tariat :<\/strong><strong>\u00a0 \u00a0 \u00a0 \u00a0 \u00a0 \u00a0 \u00a0 \u00a0 \u00a0 \u00a0 \u00a0 \u00a0 \u00a0 \u00a0 \u00a0 \u00a0 \u00a0 \u00a0 \u00a0 \u00a0 \u00a0 \u00a0 \u00a0 \u00a0 \u00a0 \u00a0 \u00a0 \u00a0 \u00a0 \u00a0 \u00a0 \u00a0 \u00a0 \u00a0 \u00a0 \u00a0 \u00a0 <\/strong>Lundi \u2013 mardi \u2013 jeudi \u2013 vendredi :\u00a0\u00a0 de 08h00 \u00e0 08h45 et de 11h00 \u00e0 11h30,\u00a0 \u00a0 \u00a0 \u00a0 \u00a0 \u00a0 \u00a0\u00a0 \u00a0 \u00a0 Jeudi &#8211; vendredi : de 13h30 \u00e0 14h00 et de 16h15 \u00e0 17h00,<strong> \u00a0\u00a0\u00a0 \u00a0 \u00a0 \u00a0 \u00a0 \u00a0 \u00a0 \u00a0 \u00a0 \u00a0 \u00a0 \u00a0 \u00a0 \u00a0 \u00a0 \u00a0 \u00a0 \u00a0 \u00a0 \u00a0 \u00a0 <\/strong><\/li>\n<\/ul>\n<p style=\"text-align: center;\"><strong><span style=\"color: #ff0000;\">Le secr\u00e9tariat est ferm\u00e9 le lundi et le mardi apr\u00e8s-midi.<\/span><br \/>\n<\/strong><\/p>\n","protected":false},"excerpt":{"rendered":"<p>Am\u00e9nagement du temps scolaire : Le matin : 8h30\u00a0 \u00e0 11h30, L\u2019apr\u00e8s-midi : 13h30 \u00e0 16h30 (classes maternelles) 13h30 \u00e0 16h45 (classes \u00e9l\u00e9mentaires) \u00a0En cas de retard (cf. r\u00e8glement int\u00e9rieur) : &#8211; Au-del\u00e0 de 8 h 40 l\u2019\u00e9l\u00e8ve ne sera &hellip; <a href=\"https:\/\/www.ecolesaintvincentdepaul-arles.fr\/?page_id=298\">Continuer la lecture <span class=\"meta-nav\">&rarr;<\/span><\/a><\/p>\n","protected":false},"author":13,"featured_media":0,"parent":13,"menu_order":0,"comment_status":"closed","ping_status":"closed","template":"","meta":{"footnotes":""},"class_list":["post-298","page","type-page","status-publish","hentry"],"_links":{"self":[{"href":"https:\/\/www.ecolesaintvincentdepaul-arles.fr\/index.php?rest_route=\/wp\/v2\/pages\/298","targetHints":{"allow":["GET"]}}],"collection":[{"href":"https:\/\/www.ecolesaintvincentdepaul-arles.fr\/index.php?rest_route=\/wp\/v2\/pages"}],"about":[{"href":"https:\/\/www.ecolesaintvincentdepaul-arles.fr\/index.php?rest_route=\/wp\/v2\/types\/page"}],"author":[{"embeddable":true,"href":"https:\/\/www.ecolesaintvincentdepaul-arles.fr\/index.php?rest_route=\/wp\/v2\/users\/13"}],"replies":[{"embeddable":true,"href":"https:\/\/www.ecolesaintvincentdepaul-arles.fr\/index.php?rest_route=%2Fwp%2Fv2%2Fcomments&post=298"}],"version-history":[{"count":12,"href":"https:\/\/www.ecolesaintvincentdepaul-arles.fr\/index.php?rest_route=\/wp\/v2\/pages\/298\/revisions"}],"predecessor-version":[{"id":16396,"href":"https:\/\/www.ecolesaintvincentdepaul-arles.fr\/index.php?rest_route=\/wp\/v2\/pages\/298\/revisions\/16396"}],"up":[{"embeddable":true,"href":"https:\/\/www.ecolesaintvincentdepaul-arles.fr\/index.php?rest_route=\/wp\/v2\/pages\/13"}],"wp:attachment":[{"href":"https:\/\/www.ecolesaintvincentdepaul-arles.fr\/index.php?rest_route=%2Fwp%2Fv2%2Fmedia&parent=298"}],"curies":[{"name":"wp","href":"https:\/\/api.w.org\/{rel}","templated":true}]}}