{"id":3548,"date":"2015-07-03T12:37:23","date_gmt":"2015-07-03T10:37:23","guid":{"rendered":"http:\/\/www.ecolesaintvincentdepaul-arles.fr\/?page_id=3548"},"modified":"2025-07-01T16:20:31","modified_gmt":"2025-07-01T14:20:31","slug":"listes-de-fournitures","status":"publish","type":"page","link":"https:\/\/www.ecolesaintvincentdepaul-arles.fr\/?page_id=3548","title":{"rendered":"Fournitures 2025-2026"},"content":{"rendered":"<p>Chers parents,<\/p>\n<p>Les fournitures scolaires sont achet\u00e9es par l&rsquo;\u00e9cole afin de \u00a0simplifier la rentr\u00e9e scolaire de vos enfants et de permettre aux enseignants de pr\u00e9parer la rentr\u00e9e de mani\u00e8re plus efficace. En ayant toutes les fournitures \u00e0 disposition, ils pourront consacrer davantage de temps \u00e0 l\u2019accueil des \u00e9l\u00e8ves. Cela garantira une rentr\u00e9e plus fluide et un d\u00e9marrage en douceur pour tous.<\/p>\n<p>En plus de gagner un temps pr\u00e9cieux le jour de la rentr\u00e9e, le co\u00fbt des fournitures sera moindre.<\/p>\n<p>Le montant demand\u00e9 sera diff\u00e9rent en fonction de la classe de votre enfant et vous sera factur\u00e9 au mois de septembre. (maternelles: 30 \u20ac \u00a0 \u00a0 \u00a0CP au CM2 : 60 \u20ac).<\/p>\n<p><strong>Le jour de la rentr\u00e9e votre enfant devra venir avec son cartable. Une trousse et un agenda pourront vous \u00eatre demand\u00e9s selon sa classe.<\/strong><\/p>\n<p>Bien \u00e0 vous.<\/p>\n<p>Nathalie Macchi, chef d\u2019\u00e9tablissement et Nicolas Gasnier-Duparc, Pr\u00e9sident d\u2019OGEC<\/p>\n\n\n<p><\/p>\n","protected":false},"excerpt":{"rendered":"<p>Chers parents, Les fournitures scolaires sont achet\u00e9es par l&rsquo;\u00e9cole afin de \u00a0simplifier la rentr\u00e9e scolaire de vos enfants et de permettre aux enseignants de pr\u00e9parer la rentr\u00e9e de mani\u00e8re plus efficace. En ayant toutes les fournitures \u00e0 disposition, ils pourront &hellip; <a href=\"https:\/\/www.ecolesaintvincentdepaul-arles.fr\/?page_id=3548\">Continuer la lecture <span class=\"meta-nav\">&rarr;<\/span><\/a><\/p>\n","protected":false},"author":3,"featured_media":0,"parent":13,"menu_order":2,"comment_status":"closed","ping_status":"closed","template":"","meta":{"footnotes":""},"class_list":["post-3548","page","type-page","status-publish","hentry"],"_links":{"self":[{"href":"https:\/\/www.ecolesaintvincentdepaul-arles.fr\/index.php?rest_route=\/wp\/v2\/pages\/3548","targetHints":{"allow":["GET"]}}],"collection":[{"href":"https:\/\/www.ecolesaintvincentdepaul-arles.fr\/index.php?rest_route=\/wp\/v2\/pages"}],"about":[{"href":"https:\/\/www.ecolesaintvincentdepaul-arles.fr\/index.php?rest_route=\/wp\/v2\/types\/page"}],"author":[{"embeddable":true,"href":"https:\/\/www.ecolesaintvincentdepaul-arles.fr\/index.php?rest_route=\/wp\/v2\/users\/3"}],"replies":[{"embeddable":true,"href":"https:\/\/www.ecolesaintvincentdepaul-arles.fr\/index.php?rest_route=%2Fwp%2Fv2%2Fcomments&post=3548"}],"version-history":[{"count":44,"href":"https:\/\/www.ecolesaintvincentdepaul-arles.fr\/index.php?rest_route=\/wp\/v2\/pages\/3548\/revisions"}],"predecessor-version":[{"id":16653,"href":"https:\/\/www.ecolesaintvincentdepaul-arles.fr\/index.php?rest_route=\/wp\/v2\/pages\/3548\/revisions\/16653"}],"up":[{"embeddable":true,"href":"https:\/\/www.ecolesaintvincentdepaul-arles.fr\/index.php?rest_route=\/wp\/v2\/pages\/13"}],"wp:attachment":[{"href":"https:\/\/www.ecolesaintvincentdepaul-arles.fr\/index.php?rest_route=%2Fwp%2Fv2%2Fmedia&parent=3548"}],"curies":[{"name":"wp","href":"https:\/\/api.w.org\/{rel}","templated":true}]}}