{"id":40,"date":"2014-01-20T20:42:15","date_gmt":"2014-01-20T19:42:15","guid":{"rendered":"http:\/\/www.ecolesaintvincentdepaul-arles.fr\/?page_id=40"},"modified":"2024-02-12T09:56:36","modified_gmt":"2024-02-12T08:56:36","slug":"apel","status":"publish","type":"page","link":"https:\/\/www.ecolesaintvincentdepaul-arles.fr\/?page_id=40","title":{"rendered":"Apel"},"content":{"rendered":"\n<p class=\"has-blue-color has-text-color\"><strong>Contact<\/strong> :  apel.saintvincentdepaularles@gmail.com<\/p>\n\n\n\n<figure class=\"wp-block-table\"><table><tbody><tr><td class=\"has-text-align-center\" data-align=\"center\"><strong>NOUS SOMMES HEUREUX DE VOUS TRANSMETTRE NOS&nbsp;&nbsp;MEILLEURS&nbsp;&nbsp;V\u0152UX&nbsp;&nbsp;POUR&nbsp;&nbsp;2024&nbsp;&nbsp;!&nbsp;&nbsp; &nbsp;<\/strong><\/td><\/tr><\/tbody><\/table><\/figure>\n\n\n\n<p><strong>En&nbsp;&nbsp;regardant&nbsp;&nbsp;les&nbsp;&nbsp;actions&nbsp;&nbsp;men\u00e9es&nbsp;&nbsp;depuis&nbsp;&nbsp;septembre,&nbsp;&nbsp;nous&nbsp;&nbsp;trouvons&nbsp;la motivation de repartir en 2024 avec pleins de nouveaux projets pour nos enfants et pour l&rsquo;\u00e9cole !!&nbsp;&nbsp;<\/strong><\/p>\n\n\n\n<p class=\"has-text-align-left\"><strong>EN&nbsp;&nbsp;2023&nbsp;&nbsp;:<\/strong>&nbsp;&nbsp;<\/p>\n\n\n\n<p>&#8211;&nbsp;&nbsp;Financement&nbsp;&nbsp;de&nbsp;&nbsp;nouveaux&nbsp;&nbsp;jeux&nbsp;&nbsp;et&nbsp;&nbsp;jouets&nbsp;&nbsp;pour&nbsp;&nbsp;la&nbsp;&nbsp;salle&nbsp;&nbsp;d\u2019accueil <\/p>\n\n\n\n<p>&#8211; Organisation&nbsp;&nbsp;d\u2019atelier&nbsp;&nbsp;d\u2019initiation&nbsp;&nbsp;au&nbsp;&nbsp;Yoga&nbsp;&nbsp;sur&nbsp;&nbsp;le&nbsp;&nbsp;temps&nbsp;&nbsp;de&nbsp;&nbsp;cantine&nbsp;&nbsp;&nbsp;<br>&#8211;  Organisation&nbsp;&nbsp;d\u2019atelier&nbsp;&nbsp;cr\u00e9ation&nbsp;&nbsp;de&nbsp;&nbsp;\u00abCouronnes&nbsp;&nbsp;de&nbsp;&nbsp;No\u00ebl\u00bb&nbsp;&nbsp;en&nbsp;&nbsp;fleurs&nbsp;&nbsp;s\u00e9ch\u00e9es sur le temps de cantine.&nbsp;<\/p>\n\n\n\n<p>&#8211;&nbsp;&nbsp;Gouters&nbsp;&nbsp;offerts&nbsp;&nbsp;aux&nbsp;&nbsp;enfants&nbsp;&nbsp;pour&nbsp;&nbsp;la&nbsp;&nbsp;St&nbsp;&nbsp;Vincent,&nbsp;&nbsp;la&nbsp;&nbsp;journ\u00e9e&nbsp;&nbsp;de&nbsp;&nbsp;la&nbsp;&nbsp;Diff\u00e9rence<\/p>\n\n\n\n<p>&#8211;&nbsp;&nbsp;Vente&nbsp;&nbsp;de&nbsp;&nbsp;bl\u00e9&nbsp;&nbsp;de&nbsp;&nbsp;l\u2019esp\u00e9rance&nbsp;<\/p>\n\n\n\n<p>&#8211;&nbsp;&nbsp;Vente&nbsp;&nbsp;de&nbsp;&nbsp;chocolats&nbsp;&nbsp;de&nbsp;&nbsp;No\u00ebl&nbsp;&nbsp;<\/p>\n\n\n\n<p>&#8211;&nbsp;&nbsp;Spectacle&nbsp;&nbsp;de&nbsp;&nbsp;Magie&nbsp;&nbsp;et&nbsp;&nbsp;gouter&nbsp;&nbsp;de&nbsp;&nbsp;No\u00ebl&nbsp;&nbsp;<\/p>\n\n\n\n<p>&#8211;&nbsp;&nbsp;Financement&nbsp;&nbsp;de&nbsp;&nbsp;tabliers&nbsp;&nbsp;pour&nbsp;&nbsp;les&nbsp;&nbsp;\u00e9l\u00e8ves&nbsp;&nbsp;de&nbsp;&nbsp;CM2&nbsp;&nbsp;aidant&nbsp;&nbsp;\u00e0&nbsp;&nbsp;la&nbsp;&nbsp;cantine&nbsp;<\/p>\n\n\n\n<p>&#8211;&nbsp;&nbsp;Aide&nbsp;&nbsp;financi\u00e8re&nbsp;&nbsp;classe&nbsp;&nbsp;verte&nbsp;&nbsp;pour&nbsp;&nbsp;deux&nbsp;&nbsp;familles&nbsp;&nbsp;<\/p>\n\n\n\n<p>&#8211;&nbsp;&nbsp;Financement&nbsp;&nbsp;de&nbsp;&nbsp;d\u00e9coration,&nbsp;&nbsp;luminaires&nbsp;&nbsp;de&nbsp;&nbsp;Noel&nbsp;&nbsp;et&nbsp;&nbsp;santons&nbsp;&nbsp;pour&nbsp;&nbsp;la&nbsp;<br>cr\u00e8che&nbsp;&nbsp;de&nbsp;&nbsp;l\u2019\u00e9cole&nbsp;&nbsp;<\/p>\n\n\n\n<p>&#8211;&nbsp;&nbsp;D\u00e9coration&nbsp;&nbsp;de&nbsp;&nbsp;l\u2019\u00e9cole&nbsp;&nbsp;par&nbsp;&nbsp;les&nbsp;&nbsp;parents&nbsp;&nbsp;b\u00e9n\u00e9voles&nbsp;&nbsp;avec&nbsp;&nbsp;le&nbsp;&nbsp;personnel&nbsp;&nbsp;et&nbsp;<br>avec&nbsp;&nbsp;l\u2019\u00e9quipe&nbsp;&nbsp;\u00e9ducative&nbsp;&nbsp;<\/p>\n\n\n\n<p>&#8211;&nbsp;&nbsp;Buvette&nbsp;&nbsp;pour&nbsp;&nbsp;la&nbsp;&nbsp;F\u00eate&nbsp;&nbsp;des&nbsp;&nbsp;lumi\u00e8res&nbsp;&nbsp;<\/p>\n\n\n\n<p>&#8211;&nbsp;&nbsp;Vente&nbsp;&nbsp;de&nbsp;&nbsp;g\u00e2teaux&nbsp;&nbsp;une&nbsp;&nbsp;fois&nbsp;&nbsp;par&nbsp;&nbsp;mois&nbsp;&nbsp;<\/p>\n\n\n\n<p>&#8211;&nbsp;&nbsp;Animation&nbsp;&nbsp;de&nbsp;&nbsp;la&nbsp;&nbsp;page&nbsp;&nbsp;Facebook&nbsp;&nbsp;et&nbsp;&nbsp;cr\u00e9ation&nbsp;&nbsp;d\u2019une&nbsp;&nbsp;page&nbsp;&nbsp;Instagram&nbsp;&nbsp;<\/p>\n\n\n\n<p>&#8211;&nbsp;&nbsp;Don&nbsp;&nbsp;de&nbsp;&nbsp;denr\u00e9es&nbsp;&nbsp;alimentaires&nbsp;&nbsp;pour&nbsp;&nbsp;la&nbsp;&nbsp;paroisse&nbsp;&nbsp;(&nbsp;&nbsp;Chocolat&nbsp;&nbsp;chaud&nbsp;&nbsp;de&nbsp;&nbsp;la&nbsp;<br>messe&nbsp;&nbsp;de&nbsp;&nbsp;No\u00ebl&nbsp;&nbsp;et&nbsp;&nbsp;petits&nbsp;&nbsp;d\u00e9jeuners&nbsp;&nbsp;partag\u00e9s&nbsp;&nbsp;pour&nbsp;&nbsp;les&nbsp;&nbsp;plus&nbsp;&nbsp;d\u00e9munis&nbsp;&nbsp;le&nbsp;&nbsp;dimanche matin)&nbsp;&nbsp;<\/p>\n\n\n\n<h4 class=\"wp-block-heading\"><strong>EN 2024 <\/strong>:<\/h4>\n\n\n\n<p>&#8211;&nbsp;&nbsp;Financement&nbsp;&nbsp;de&nbsp;&nbsp;sortie&nbsp;&nbsp;cin\u00e9ma&nbsp;&nbsp;ou&nbsp;&nbsp;th\u00e9\u00e2tre&nbsp;&nbsp;de&nbsp;&nbsp;la&nbsp;&nbsp;maternelle&nbsp;&nbsp;au&nbsp;&nbsp;CM2&nbsp;&nbsp;<\/p>\n\n\n\n<p>&#8211;&nbsp;&nbsp;Financement&nbsp;&nbsp;de&nbsp;&nbsp;5&nbsp;&nbsp;euros&nbsp;&nbsp;par&nbsp;&nbsp;enfant&nbsp;&nbsp;pour&nbsp;&nbsp;les&nbsp;&nbsp;sorties&nbsp;&nbsp;scolaires&nbsp;&nbsp;et&nbsp;&nbsp;les&nbsp;<br>classes&nbsp;&nbsp;vertes&nbsp;&nbsp;<\/p>\n\n\n\n<p>&#8211;&nbsp;&nbsp;Organisation&nbsp;&nbsp;d\u2019atelier&nbsp;&nbsp;jeux&nbsp;&nbsp;avec&nbsp;&nbsp;MARTINGALE&nbsp;&nbsp;sur&nbsp;&nbsp;le&nbsp;&nbsp;temps&nbsp;&nbsp;de&nbsp;&nbsp;cantine&nbsp;&nbsp;<\/p>\n\n\n\n<p>&#8211;&nbsp;&nbsp;Organisation&nbsp;&nbsp;d\u2019un&nbsp;&nbsp;atelier&nbsp;&nbsp;manuel&nbsp;&nbsp;(\u00e0&nbsp;&nbsp;d\u00e9finir)&nbsp;&nbsp;sur&nbsp;&nbsp;le&nbsp;&nbsp;temps&nbsp;&nbsp;de&nbsp;&nbsp;cantine&nbsp;<\/p>\n\n\n\n<p>&#8211;&nbsp;&nbsp;Vente&nbsp;&nbsp;de&nbsp;&nbsp;chocolat&nbsp;&nbsp;de&nbsp;&nbsp;P\u00e2ques&nbsp;&nbsp;<\/p>\n\n\n\n<p>&#8211;&nbsp;&nbsp;<strong><em>Vide-grenier&nbsp;&nbsp;au&nbsp;&nbsp;Carmel&nbsp;&nbsp;06\/04<\/em><\/strong><strong><em>&nbsp;&nbsp;<\/em><\/strong><\/p>\n\n\n\n<p>&#8211;&nbsp;&nbsp;Op\u00e9ration&nbsp;&nbsp;torchons&nbsp;&nbsp;&#8211;&nbsp;&nbsp;dessins&nbsp;&nbsp;d\u2019enfant&nbsp;&nbsp;<\/p>\n\n\n\n<p>&#8211;&nbsp;&nbsp;Aide&nbsp;&nbsp;pour&nbsp;&nbsp;l\u2019organisation&nbsp;&nbsp;des&nbsp;&nbsp;olympiades&nbsp;&nbsp;06\/05&nbsp;&nbsp;et&nbsp;&nbsp;07\/05&nbsp;&nbsp;avec&nbsp;&nbsp;l\u2019\u00e9quipe&nbsp;<br>\u00e9ducative&nbsp;&nbsp;(\u00e0&nbsp;&nbsp;d\u00e9finir)&nbsp;&nbsp;<\/p>\n\n\n\n<p>&#8211;&nbsp;&nbsp;Accompagnement&nbsp;&nbsp;sur&nbsp;&nbsp;la&nbsp;&nbsp;journ\u00e9e&nbsp;&nbsp;du&nbsp;&nbsp;Printemps&nbsp;&nbsp;(\u00e0&nbsp;&nbsp;d\u00e9finir)&nbsp;<\/p>\n\n\n\n<p>&#8211;&nbsp;&nbsp;<strong><em>Organisation&nbsp;&nbsp;de&nbsp;&nbsp;la&nbsp;&nbsp;Tombola&nbsp;&nbsp;du&nbsp;&nbsp;28\/06&nbsp;&nbsp;au&nbsp;&nbsp;Carmel<\/em><\/strong><strong><em>&nbsp;&nbsp;<\/em><\/strong><\/p>\n\n\n\n<p>&#8211;&nbsp;&nbsp;<strong><em>Organisation&nbsp;&nbsp;du&nbsp;&nbsp;spectacle&nbsp;&nbsp;de&nbsp;&nbsp;fin&nbsp;&nbsp;d\u2019ann\u00e9e&nbsp;&nbsp;28\/06&nbsp;&nbsp;au&nbsp;&nbsp;Carmel<\/em><\/strong><strong><em>&nbsp;<\/em><\/strong><\/p>\n\n\n\n<p>&#8211;&nbsp;&nbsp;Vente&nbsp;&nbsp;de&nbsp;&nbsp;g\u00e2teaux&nbsp;&nbsp;une&nbsp;&nbsp;fois&nbsp;&nbsp;par&nbsp;&nbsp;mois&nbsp;&nbsp;<\/p>\n\n\n\n<p><strong>Nous&nbsp;&nbsp;tenons&nbsp;&nbsp;\u00e0&nbsp;&nbsp;remercier&nbsp;&nbsp;l\u2019ensemble&nbsp;&nbsp;des&nbsp;&nbsp;parents&nbsp;&nbsp;qui&nbsp;&nbsp;ont&nbsp;&nbsp;apport\u00e9&nbsp;&nbsp;leur&nbsp;&nbsp;aide&nbsp;<br>en&nbsp;&nbsp;2023&nbsp;&nbsp;et&nbsp;&nbsp;nous&nbsp;&nbsp;encourageons&nbsp;&nbsp;les&nbsp;&nbsp;autres&nbsp;&nbsp;\u00e0&nbsp;&nbsp;nous&nbsp;&nbsp;rejoindre&nbsp;&nbsp;pour&nbsp;&nbsp;que&nbsp;&nbsp;2024&nbsp;soit une merveilleuse ann\u00e9e pour nos enfants \u00e0 l&rsquo;\u00e9cole St Vincent de Paul.<\/strong><\/p>\n\n\n\n<p><strong>Nous&nbsp;&nbsp;remercions&nbsp;&nbsp;aussi&nbsp;&nbsp;la&nbsp;&nbsp;direction&nbsp;&nbsp;et&nbsp;&nbsp;l\u2019\u00e9quipe&nbsp;&nbsp;\u00e9ducative&nbsp;&nbsp;qui&nbsp;&nbsp;nous&nbsp;&nbsp;laisse&nbsp;<br>prendre&nbsp;&nbsp;part&nbsp;&nbsp;aux&nbsp;&nbsp;projets&nbsp;&nbsp;de&nbsp;&nbsp;l\u2019\u00e9cole&nbsp;&nbsp;en&nbsp;&nbsp;toute&nbsp;&nbsp;confiance<\/strong>.&nbsp;&nbsp;<\/p>\n\n\n\n<p class=\"has-text-align-center\"><strong>MERCI A TOUS&nbsp;&nbsp;<\/strong><\/p>\n\n\n\n<p>L\u2019APEL&nbsp;&nbsp;Saint&nbsp;&nbsp;Vincent&nbsp;&nbsp;de&nbsp;&nbsp;Paul&nbsp;&nbsp;Arles&nbsp;&nbsp;<\/p>\n\n\n\n<div class=\"wp-block-columns is-layout-flex wp-container-core-columns-is-layout-9d6595d7 wp-block-columns-is-layout-flex\">\n<div class=\"wp-block-column is-layout-flow wp-block-column-is-layout-flow\" style=\"flex-basis:100%\">\n<figure class=\"wp-block-table\"><table><tbody><tr><td><\/td><td><\/td><\/tr><\/tbody><\/table><\/figure>\n<\/div>\n<\/div>\n\n\n\n<p class=\"has-text-align-center\"><strong>&nbsp;<\/strong><a href=\"mailto:APEL.SAINTVINCENTDEPAULARLES@GMAIL.COM\">APEL.SAINTVINCENTDEPAULARLES@GMAIL.COM&nbsp;<\/a><br>&nbsp;&nbsp; <a href=\"mailto:APEL.SAINTVINCENTDEPAULARLES@GMAIL.COM\">FACEBOOK&nbsp;&nbsp;:&nbsp;&nbsp;APEL&nbsp;&nbsp;Saint&nbsp;&nbsp;Vincent&nbsp;&nbsp;ARLES&nbsp;&nbsp;<\/a><\/p>\n\n\n\n<h6 class=\"wp-block-heading has-text-align-center\">&nbsp;&nbsp;&nbsp;&nbsp;&nbsp;&nbsp; <a href=\"mailto:APEL.SAINTVINCENTDEPAULARLES@GMAIL.COM\">INSTAGRAM&nbsp;&nbsp;:&nbsp;&nbsp;@apelstvincentdepaul&nbsp;&nbsp;<\/a><\/h6>\n\n\n\n<p class=\"has-text-align-center\">-=-=-=-=-=-=-=-=-<\/p>\n\n\n\n<h2 class=\"wp-block-heading\"><\/h2>\n\n\n\n<p><\/p>\n\n\n\n<p class=\"has-text-align-center\"><\/p>\n","protected":false},"excerpt":{"rendered":"<p>Contact : apel.saintvincentdepaularles@gmail.com NOUS SOMMES HEUREUX DE VOUS TRANSMETTRE NOS&nbsp;&nbsp;MEILLEURS&nbsp;&nbsp;V\u0152UX&nbsp;&nbsp;POUR&nbsp;&nbsp;2024&nbsp;&nbsp;!&nbsp;&nbsp; &nbsp; En&nbsp;&nbsp;regardant&nbsp;&nbsp;les&nbsp;&nbsp;actions&nbsp;&nbsp;men\u00e9es&nbsp;&nbsp;depuis&nbsp;&nbsp;septembre,&nbsp;&nbsp;nous&nbsp;&nbsp;trouvons&nbsp;la motivation de repartir en 2024 avec pleins de nouveaux projets pour nos enfants et pour l&rsquo;\u00e9cole !!&nbsp;&nbsp; EN&nbsp;&nbsp;2023&nbsp;&nbsp;:&nbsp;&nbsp; &#8211;&nbsp;&nbsp;Financement&nbsp;&nbsp;de&nbsp;&nbsp;nouveaux&nbsp;&nbsp;jeux&nbsp;&nbsp;et&nbsp;&nbsp;jouets&nbsp;&nbsp;pour&nbsp;&nbsp;la&nbsp;&nbsp;salle&nbsp;&nbsp;d\u2019accueil &#8211; Organisation&nbsp;&nbsp;d\u2019atelier&nbsp;&nbsp;d\u2019initiation&nbsp;&nbsp;au&nbsp;&nbsp;Yoga&nbsp;&nbsp;sur&nbsp;&nbsp;le&nbsp;&nbsp;temps&nbsp;&nbsp;de&nbsp;&nbsp;cantine&nbsp;&nbsp;&nbsp;&#8211; Organisation&nbsp;&nbsp;d\u2019atelier&nbsp;&nbsp;cr\u00e9ation&nbsp;&nbsp;de&nbsp;&nbsp;\u00abCouronnes&nbsp;&nbsp;de&nbsp;&nbsp;No\u00ebl\u00bb&nbsp;&nbsp;en&nbsp;&nbsp;fleurs&nbsp;&nbsp;s\u00e9ch\u00e9es sur le temps de cantine.&nbsp; &#8211;&nbsp;&nbsp;Gouters&nbsp;&nbsp;offerts&nbsp;&nbsp;aux&nbsp;&nbsp;enfants&nbsp;&nbsp;pour&nbsp;&nbsp;la&nbsp;&nbsp;St&nbsp;&nbsp;Vincent,&nbsp;&nbsp;la&nbsp;&nbsp;journ\u00e9e&nbsp;&nbsp;de&nbsp;&nbsp;la&nbsp;&nbsp;Diff\u00e9rence &hellip; <a href=\"https:\/\/www.ecolesaintvincentdepaul-arles.fr\/?page_id=40\">Continuer la lecture <span class=\"meta-nav\">&rarr;<\/span><\/a><\/p>\n","protected":false},"author":13,"featured_media":0,"parent":0,"menu_order":5,"comment_status":"closed","ping_status":"closed","template":"","meta":{"footnotes":""},"class_list":["post-40","page","type-page","status-publish","hentry"],"_links":{"self":[{"href":"https:\/\/www.ecolesaintvincentdepaul-arles.fr\/index.php?rest_route=\/wp\/v2\/pages\/40","targetHints":{"allow":["GET"]}}],"collection":[{"href":"https:\/\/www.ecolesaintvincentdepaul-arles.fr\/index.php?rest_route=\/wp\/v2\/pages"}],"about":[{"href":"https:\/\/www.ecolesaintvincentdepaul-arles.fr\/index.php?rest_route=\/wp\/v2\/types\/page"}],"author":[{"embeddable":true,"href":"https:\/\/www.ecolesaintvincentdepaul-arles.fr\/index.php?rest_route=\/wp\/v2\/users\/13"}],"replies":[{"embeddable":true,"href":"https:\/\/www.ecolesaintvincentdepaul-arles.fr\/index.php?rest_route=%2Fwp%2Fv2%2Fcomments&post=40"}],"version-history":[{"count":20,"href":"https:\/\/www.ecolesaintvincentdepaul-arles.fr\/index.php?rest_route=\/wp\/v2\/pages\/40\/revisions"}],"predecessor-version":[{"id":16148,"href":"https:\/\/www.ecolesaintvincentdepaul-arles.fr\/index.php?rest_route=\/wp\/v2\/pages\/40\/revisions\/16148"}],"wp:attachment":[{"href":"https:\/\/www.ecolesaintvincentdepaul-arles.fr\/index.php?rest_route=%2Fwp%2Fv2%2Fmedia&parent=40"}],"curies":[{"name":"wp","href":"https:\/\/api.w.org\/{rel}","templated":true}]}}