{"id":5974,"date":"2016-07-06T12:42:10","date_gmt":"2016-07-06T10:42:10","guid":{"rendered":"http:\/\/www.ecolesaintvincentdepaul-arles.fr\/?page_id=5974"},"modified":"2025-07-03T10:42:54","modified_gmt":"2025-07-03T08:42:54","slug":"composition-des-classes-et-responsables-pedagogiques","status":"publish","type":"page","link":"https:\/\/www.ecolesaintvincentdepaul-arles.fr\/?page_id=5974","title":{"rendered":"Composition de l&rsquo;\u00e9quipe p\u00e9dagogique"},"content":{"rendered":"\n<div class=\"wp-block-group\"><div class=\"wp-block-group__inner-container is-layout-flow wp-block-group-is-layout-flow\">\n<h3 class=\"wp-block-heading\"><strong>Rentr\u00e9e 2025<\/strong><\/h3>\n\n\n\n<p><em><strong>Equipe classes maternelles<\/strong><\/em><\/p>\n\n\n\n<div class=\"wp-block-columns is-layout-flex wp-container-core-columns-is-layout-9d6595d7 wp-block-columns-is-layout-flex\">\n<div class=\"wp-block-column is-layout-flow wp-block-column-is-layout-flow\" style=\"flex-basis:100%\">\n<div class=\"wp-block-columns is-layout-flex wp-container-core-columns-is-layout-9d6595d7 wp-block-columns-is-layout-flex\">\n<div class=\"wp-block-column is-layout-flow wp-block-column-is-layout-flow\" style=\"flex-basis:100%\">\n<figure class=\"wp-block-table\"><table class=\"has-fixed-layout\"><tbody><tr><td>ARAVECCHIA Sylvie                                               <\/td><td>MS\/GS<\/td><\/tr><tr><td>BARRIELLE Audrey<\/td><td>PS\/MS<\/td><\/tr><tr><td>MACCHI Nathalie \/ Baecker Sylvie<\/td><td>TPS\/PS<\/td><\/tr><\/tbody><\/table><\/figure>\n<\/div>\n<\/div>\n<\/div>\n<\/div>\n\n\n\n<h4 class=\"wp-block-heading\"><em><strong>Equipe classes \u00e9l\u00e9mentaires<\/strong><\/em><\/h4>\n\n\n\n<figure class=\"wp-block-table\"><table class=\"has-fixed-layout\"><tbody><tr><td>AUTHEMAN V\u00e9ronique<\/td><td>CM1\/CM2<\/td><\/tr><tr><td>AVAZERI Nathalie<\/td><td>CE2<\/td><\/tr><tr><td>DOUAUD Virginie<\/td><td>GS\/CP1<\/td><\/tr><tr><td>LAPERSONNE Willy<\/td><td>GS\/CP2<\/td><\/tr><tr><td>LE NY Yoann<\/td><td>CM2<\/td><\/tr><tr><td>MARCHETTI Florence<\/td><td>CM1<\/td><\/tr><tr><td>TRAVASSAC Sophie<\/td><td>CE1<\/td><\/tr><tr><td>BOUISSEAU Delphine<\/td><td><em>Coordonnatrice du dispositif ULIS<\/em><\/td><\/tr><\/tbody><\/table><\/figure>\n<\/div><\/div>\n\n\n\n<p><\/p>\n","protected":false},"excerpt":{"rendered":"<p>Rentr\u00e9e 2025 Equipe classes maternelles ARAVECCHIA Sylvie MS\/GS BARRIELLE Audrey PS\/MS MACCHI Nathalie \/ Baecker Sylvie TPS\/PS Equipe classes \u00e9l\u00e9mentaires AUTHEMAN V\u00e9ronique CM1\/CM2 AVAZERI Nathalie CE2 DOUAUD Virginie GS\/CP1 LAPERSONNE Willy GS\/CP2 LE NY Yoann CM2 MARCHETTI Florence CM1 TRAVASSAC &hellip; <a href=\"https:\/\/www.ecolesaintvincentdepaul-arles.fr\/?page_id=5974\">Continuer la lecture <span class=\"meta-nav\">&rarr;<\/span><\/a><\/p>\n","protected":false},"author":13,"featured_media":0,"parent":13,"menu_order":4,"comment_status":"closed","ping_status":"closed","template":"","meta":{"footnotes":""},"class_list":["post-5974","page","type-page","status-publish","hentry"],"_links":{"self":[{"href":"https:\/\/www.ecolesaintvincentdepaul-arles.fr\/index.php?rest_route=\/wp\/v2\/pages\/5974","targetHints":{"allow":["GET"]}}],"collection":[{"href":"https:\/\/www.ecolesaintvincentdepaul-arles.fr\/index.php?rest_route=\/wp\/v2\/pages"}],"about":[{"href":"https:\/\/www.ecolesaintvincentdepaul-arles.fr\/index.php?rest_route=\/wp\/v2\/types\/page"}],"author":[{"embeddable":true,"href":"https:\/\/www.ecolesaintvincentdepaul-arles.fr\/index.php?rest_route=\/wp\/v2\/users\/13"}],"replies":[{"embeddable":true,"href":"https:\/\/www.ecolesaintvincentdepaul-arles.fr\/index.php?rest_route=%2Fwp%2Fv2%2Fcomments&post=5974"}],"version-history":[{"count":7,"href":"https:\/\/www.ecolesaintvincentdepaul-arles.fr\/index.php?rest_route=\/wp\/v2\/pages\/5974\/revisions"}],"predecessor-version":[{"id":16669,"href":"https:\/\/www.ecolesaintvincentdepaul-arles.fr\/index.php?rest_route=\/wp\/v2\/pages\/5974\/revisions\/16669"}],"up":[{"embeddable":true,"href":"https:\/\/www.ecolesaintvincentdepaul-arles.fr\/index.php?rest_route=\/wp\/v2\/pages\/13"}],"wp:attachment":[{"href":"https:\/\/www.ecolesaintvincentdepaul-arles.fr\/index.php?rest_route=%2Fwp%2Fv2%2Fmedia&parent=5974"}],"curies":[{"name":"wp","href":"https:\/\/api.w.org\/{rel}","templated":true}]}}