{"id":6196,"date":"2016-09-29T10:50:56","date_gmt":"2016-09-29T08:50:56","guid":{"rendered":"http:\/\/www.ecolesaintvincentdepaul-arles.fr\/?page_id=6196"},"modified":"2024-09-01T14:38:57","modified_gmt":"2024-09-01T12:38:57","slug":"mutuelle-saint-christophe","status":"publish","type":"page","link":"https:\/\/www.ecolesaintvincentdepaul-arles.fr\/?page_id=6196","title":{"rendered":"Mutuelle Saint Christophe"},"content":{"rendered":"\n<p>Cher parent d\u2019\u00e9l\u00e8ve,<\/p>\n\n\n\n<p>Nous vous informons avoir souscrit un contrat d\u2019assurance \u00e0 tarif n\u00e9goci\u00e9 aupr\u00e8s de<br>la Mutuelle Saint-Christophe assurances, 1er assureur de l\u2019enseignement priv\u00e9.<br>Ce contrat collectif vous permet de prot\u00e9ger votre enfant en toutes circonstances<br>qu\u2019il soit \u00e0 l\u2019\u00e9cole, \u00e0 la maison ou \u00e0 des activit\u00e9s extra-scolaires pour 11,50 \u20ac\/an.<br>Vous pouvez choisir d\u2019y adh\u00e9rer. Retrouvez les avantages de ce contrat et la fa\u00e7on<br>d\u2019y adh\u00e9rer dans la documentation de la Mutuelle Saint-Christophe assurances.<\/p>\n\n\n\n<p>Comment souscrire ? C\u2019est tr\u00e8s simple !<\/p>\n\n\n\n<p><br><strong><a href=\"https:\/\/www.ecolesaintvincentdepaul-arles.fr\/wp-content\/uploads\/2024\/09\/2024_Lettre_parents_partielle.pdf\">> T\u00e9l\u00e9chargez la documentation et le bulletin d&rsquo;adh\u00e9sion<\/a><\/strong><\/p>\n\n\n\n<p>\u2022 Prenez connaissance de la notice d\u2019information pr\u00e9sentant les garanties de<br>notre assurance scolaire.<\/p>\n\n\n\n<p>\u2022 Retournez votre bulletin d\u2019adh\u00e9sion compl\u00e9t\u00e9, \u00e0 l\u2019enseignant de votre enfant <strong>pour le vendredi 6 septembre 2024<\/strong> en y joignant votre r\u00e8glement. <\/p>\n\n\n\n<p>Les ch\u00e8ques sont \u00e0 libeller \u00e0 l\u2019ordre de <strong>l&rsquo;OGEC St Vincent de Paul<\/strong>. Il vous est possible de remplir ce bulletin directement depuis votre ordinateur.<\/p>\n\n\n\n<p>\u2022 D\u00e8s votre souscription confirm\u00e9e, connectez-vous sur <strong><a href=\"https:\/\/www.saint-christophe-assurances.fr\/informations-pratiques\/espace-parents\/\">l\u2019Espace<br>Parents<\/a><\/strong> pour r\u00e9cup\u00e9rer l\u2019attestation de votre enfant<\/p>\n\n\n\n<p><\/p>\n","protected":false},"excerpt":{"rendered":"<p>Cher parent d\u2019\u00e9l\u00e8ve, Nous vous informons avoir souscrit un contrat d\u2019assurance \u00e0 tarif n\u00e9goci\u00e9 aupr\u00e8s dela Mutuelle Saint-Christophe assurances, 1er assureur de l\u2019enseignement priv\u00e9.Ce contrat collectif vous permet de prot\u00e9ger votre enfant en toutes circonstancesqu\u2019il soit \u00e0 l\u2019\u00e9cole, \u00e0 la &hellip; <a href=\"https:\/\/www.ecolesaintvincentdepaul-arles.fr\/?page_id=6196\">Continuer la lecture <span class=\"meta-nav\">&rarr;<\/span><\/a><\/p>\n","protected":false},"author":13,"featured_media":0,"parent":13,"menu_order":3,"comment_status":"closed","ping_status":"closed","template":"","meta":{"footnotes":""},"class_list":["post-6196","page","type-page","status-publish","hentry"],"_links":{"self":[{"href":"https:\/\/www.ecolesaintvincentdepaul-arles.fr\/index.php?rest_route=\/wp\/v2\/pages\/6196","targetHints":{"allow":["GET"]}}],"collection":[{"href":"https:\/\/www.ecolesaintvincentdepaul-arles.fr\/index.php?rest_route=\/wp\/v2\/pages"}],"about":[{"href":"https:\/\/www.ecolesaintvincentdepaul-arles.fr\/index.php?rest_route=\/wp\/v2\/types\/page"}],"author":[{"embeddable":true,"href":"https:\/\/www.ecolesaintvincentdepaul-arles.fr\/index.php?rest_route=\/wp\/v2\/users\/13"}],"replies":[{"embeddable":true,"href":"https:\/\/www.ecolesaintvincentdepaul-arles.fr\/index.php?rest_route=%2Fwp%2Fv2%2Fcomments&post=6196"}],"version-history":[{"count":7,"href":"https:\/\/www.ecolesaintvincentdepaul-arles.fr\/index.php?rest_route=\/wp\/v2\/pages\/6196\/revisions"}],"predecessor-version":[{"id":16364,"href":"https:\/\/www.ecolesaintvincentdepaul-arles.fr\/index.php?rest_route=\/wp\/v2\/pages\/6196\/revisions\/16364"}],"up":[{"embeddable":true,"href":"https:\/\/www.ecolesaintvincentdepaul-arles.fr\/index.php?rest_route=\/wp\/v2\/pages\/13"}],"wp:attachment":[{"href":"https:\/\/www.ecolesaintvincentdepaul-arles.fr\/index.php?rest_route=%2Fwp%2Fv2%2Fmedia&parent=6196"}],"curies":[{"name":"wp","href":"https:\/\/api.w.org\/{rel}","templated":true}]}}