{"id":620,"date":"2014-03-31T09:05:52","date_gmt":"2014-03-31T08:05:52","guid":{"rendered":"http:\/\/www.ecolesaintvincentdepaul-arles.fr\/?page_id=620"},"modified":"2024-02-12T08:47:54","modified_gmt":"2024-02-12T07:47:54","slug":"messes-des-familles","status":"publish","type":"page","link":"https:\/\/www.ecolesaintvincentdepaul-arles.fr\/?page_id=620","title":{"rendered":"Culture chr\u00e9tienne"},"content":{"rendered":"\n<div class=\"wp-block-group\"><div class=\"wp-block-group__inner-container is-layout-flow wp-block-group-is-layout-flow\">\n<div class=\"oo-mail-viewer-content oo-scrollable oo-scrollable-x oo-translate\" data-dojo-attach-point=\"content\">\n<div id=\"sandBox\" class=\"oo-mail-viewer-sandbox\" data-dojo-attach-point=\"sandbox\">\n<div>\n<p>Chaque semaine, dans chaque classe, les enfants re\u00e7oivent un enseignement dans leur classe sur la foi chr\u00e9tienne, donn\u00e9 par un cat\u00e9chiste b\u00e9n\u00e9vole de la paroisse.<\/p>\n<p>Nous utilisons le cat\u00e9chisme \u00ab\u00a0Viens et suis-moi\u00a0\u00bb, propos\u00e9 par la communaut\u00e9 Notre-Dame de Vie (plus d\u2019informations sur <a href=\"https:\/\/www.notredamedevie.org\/catechese\/viens-suis-moi\/\">Viens, suis-moi (7-11 ans) (notredamedevie.org)<\/a> ) et nous apprenons des petits chants adapt\u00e9s aux diff\u00e9rentes classes d\u2019\u00e2ge. Des c\u00e9l\u00e9brations rythment l\u2019ann\u00e9e en r\u00e9unissant toute l\u2019\u00e9cole pour des temps importants (rentr\u00e9e, No\u00ebl, P\u00e2ques, fin de l\u2019ann\u00e9e scolaire).<\/p>\n<p>Don Pierre-Auguste, pr\u00eatre r\u00e9f\u00e9rent de l\u2019\u00e9tablissement, coordonne l\u2019\u00e9quipe des cat\u00e9chistes et passe r\u00e9guli\u00e8rement dans chaque classe pour compl\u00e9ter et r\u00e9pondre aux questions des \u00e9l\u00e8ves.<\/p>\n<p>Pour plus d\u2019informations, contacter\u00a0:<\/p>\n<p>Don Pierre-Auguste de Vilmarest + pr\u00eatre<\/p>\n<p>Paroisse d&rsquo;Arles<\/p>\n<p>Maison du Carmel<\/p>\n<p>13 rue Fr\u00e9d\u00e9ric Chevillon<\/p>\n<p>13200 Arles<\/p>\n<p>07 68 74 53 83<\/p>\n<p><a href=\"mailto:padevilmarest@csm.fr\">padevilmarest@csm.fr<\/a><\/p>\n<\/div>\n<\/div>\n<\/div>\n<p align=\"left\">\u00a0<\/p>\n<\/div><\/div>\n","protected":false},"excerpt":{"rendered":"<p>Chaque semaine, dans chaque classe, les enfants re\u00e7oivent un enseignement dans leur classe sur la foi chr\u00e9tienne, donn\u00e9 par un cat\u00e9chiste b\u00e9n\u00e9vole de la paroisse. Nous utilisons le cat\u00e9chisme \u00ab\u00a0Viens et suis-moi\u00a0\u00bb, propos\u00e9 par la communaut\u00e9 Notre-Dame de Vie (plus &hellip; <a href=\"https:\/\/www.ecolesaintvincentdepaul-arles.fr\/?page_id=620\">Continuer la lecture <span class=\"meta-nav\">&rarr;<\/span><\/a><\/p>\n","protected":false},"author":13,"featured_media":0,"parent":36,"menu_order":1,"comment_status":"closed","ping_status":"open","template":"","meta":{"footnotes":""},"class_list":["post-620","page","type-page","status-publish","hentry"],"_links":{"self":[{"href":"https:\/\/www.ecolesaintvincentdepaul-arles.fr\/index.php?rest_route=\/wp\/v2\/pages\/620","targetHints":{"allow":["GET"]}}],"collection":[{"href":"https:\/\/www.ecolesaintvincentdepaul-arles.fr\/index.php?rest_route=\/wp\/v2\/pages"}],"about":[{"href":"https:\/\/www.ecolesaintvincentdepaul-arles.fr\/index.php?rest_route=\/wp\/v2\/types\/page"}],"author":[{"embeddable":true,"href":"https:\/\/www.ecolesaintvincentdepaul-arles.fr\/index.php?rest_route=\/wp\/v2\/users\/13"}],"replies":[{"embeddable":true,"href":"https:\/\/www.ecolesaintvincentdepaul-arles.fr\/index.php?rest_route=%2Fwp%2Fv2%2Fcomments&post=620"}],"version-history":[{"count":3,"href":"https:\/\/www.ecolesaintvincentdepaul-arles.fr\/index.php?rest_route=\/wp\/v2\/pages\/620\/revisions"}],"predecessor-version":[{"id":16125,"href":"https:\/\/www.ecolesaintvincentdepaul-arles.fr\/index.php?rest_route=\/wp\/v2\/pages\/620\/revisions\/16125"}],"up":[{"embeddable":true,"href":"https:\/\/www.ecolesaintvincentdepaul-arles.fr\/index.php?rest_route=\/wp\/v2\/pages\/36"}],"wp:attachment":[{"href":"https:\/\/www.ecolesaintvincentdepaul-arles.fr\/index.php?rest_route=%2Fwp%2Fv2%2Fmedia&parent=620"}],"curies":[{"name":"wp","href":"https:\/\/api.w.org\/{rel}","templated":true}]}}