{"id":622,"date":"2014-03-31T09:06:29","date_gmt":"2014-03-31T08:06:29","guid":{"rendered":"http:\/\/www.ecolesaintvincentdepaul-arles.fr\/?page_id=622"},"modified":"2024-09-10T14:58:02","modified_gmt":"2024-09-10T12:58:02","slug":"communion","status":"publish","type":"page","link":"https:\/\/www.ecolesaintvincentdepaul-arles.fr\/?page_id=622","title":{"rendered":"Assister \u00e0 la messe"},"content":{"rendered":"<p>La <strong>messe<\/strong> est le c\u0153ur de la vie chr\u00e9tienne.<strong> Tous les mardis<\/strong>, la messe est c\u00e9l\u00e9br\u00e9e dans l\u2019\u00e9cole pour les enfants qui le souhaitent. Don Pierre-Auguste c\u00e9l\u00e8bre la messe, et un autre adulte est chaque fois pr\u00e9sent pour aider les enfants \u00e0 suivre la messe (chants, r\u00e9ponses, compr\u00e9hension des diff\u00e9rents moments de la messe).<\/p>\n<p>Les enfants qui le demandent peuvent s\u2019int\u00e9grer davantage \u00e0 la liturgie <strong>\u00e0 travers un service<\/strong> (servants d\u2019autel, servantes de J\u00e9sus, lecture) qui leur permet de mieux comprendre ce qu\u2019ils y vivent. Les familles sont \u00e9galement invit\u00e9es \u00e0 nous rejoindre pour la messe du dimanche en paroisse\u00a0! La messe est c\u00e9l\u00e9br\u00e9e <strong>chaque dimanche \u00e0 11h \u00e0 Saint-Trophime<\/strong>.<\/p>\n<p>Pour plus d\u2019informations, contacter\u00a0:<\/p>\n<p>Don Pierre-Auguste de Vilmarest + pr\u00eatre<\/p>\n<p>Paroisse d&rsquo;Arles<\/p>\n<p>Maison du Carmel<\/p>\n<p>13 rue Fr\u00e9d\u00e9ric Chevillon<\/p>\n<p>13200 Arles<\/p>\n<p>07 68 74 53 83<\/p>\n<p><a href=\"mailto:padevilmarest@csm.fr\">padevilmarest@csm.fr<\/a><\/p>\n<p><strong>\u00a0<\/strong><\/p>\n","protected":false},"excerpt":{"rendered":"<p>La messe est le c\u0153ur de la vie chr\u00e9tienne. Tous les mardis, la messe est c\u00e9l\u00e9br\u00e9e dans l\u2019\u00e9cole pour les enfants qui le souhaitent. Don Pierre-Auguste c\u00e9l\u00e8bre la messe, et un autre adulte est chaque fois pr\u00e9sent pour aider les &hellip; <a href=\"https:\/\/www.ecolesaintvincentdepaul-arles.fr\/?page_id=622\">Continuer la lecture <span class=\"meta-nav\">&rarr;<\/span><\/a><\/p>\n","protected":false},"author":13,"featured_media":0,"parent":36,"menu_order":2,"comment_status":"closed","ping_status":"open","template":"","meta":{"footnotes":""},"class_list":["post-622","page","type-page","status-publish","hentry"],"_links":{"self":[{"href":"https:\/\/www.ecolesaintvincentdepaul-arles.fr\/index.php?rest_route=\/wp\/v2\/pages\/622","targetHints":{"allow":["GET"]}}],"collection":[{"href":"https:\/\/www.ecolesaintvincentdepaul-arles.fr\/index.php?rest_route=\/wp\/v2\/pages"}],"about":[{"href":"https:\/\/www.ecolesaintvincentdepaul-arles.fr\/index.php?rest_route=\/wp\/v2\/types\/page"}],"author":[{"embeddable":true,"href":"https:\/\/www.ecolesaintvincentdepaul-arles.fr\/index.php?rest_route=\/wp\/v2\/users\/13"}],"replies":[{"embeddable":true,"href":"https:\/\/www.ecolesaintvincentdepaul-arles.fr\/index.php?rest_route=%2Fwp%2Fv2%2Fcomments&post=622"}],"version-history":[{"count":4,"href":"https:\/\/www.ecolesaintvincentdepaul-arles.fr\/index.php?rest_route=\/wp\/v2\/pages\/622\/revisions"}],"predecessor-version":[{"id":16366,"href":"https:\/\/www.ecolesaintvincentdepaul-arles.fr\/index.php?rest_route=\/wp\/v2\/pages\/622\/revisions\/16366"}],"up":[{"embeddable":true,"href":"https:\/\/www.ecolesaintvincentdepaul-arles.fr\/index.php?rest_route=\/wp\/v2\/pages\/36"}],"wp:attachment":[{"href":"https:\/\/www.ecolesaintvincentdepaul-arles.fr\/index.php?rest_route=%2Fwp%2Fv2%2Fmedia&parent=622"}],"curies":[{"name":"wp","href":"https:\/\/api.w.org\/{rel}","templated":true}]}}