{"id":624,"date":"2014-03-31T09:06:58","date_gmt":"2014-03-31T08:06:58","guid":{"rendered":"http:\/\/www.ecolesaintvincentdepaul-arles.fr\/?page_id=624"},"modified":"2024-09-10T14:59:50","modified_gmt":"2024-09-10T12:59:50","slug":"bapteme","status":"publish","type":"page","link":"https:\/\/www.ecolesaintvincentdepaul-arles.fr\/?page_id=624","title":{"rendered":"Pr\u00e9paration aux sacrements"},"content":{"rendered":"<h5><\/h5>\n<p><strong>Bapt\u00eame et premi\u00e8re communion<\/strong><\/p>\n<p>Certains parents demandent que leur enfant se pr\u00e9pare \u00e0 recevoir un sacrement pour <strong>fortifier sa vie chr\u00e9tienne<\/strong>\u00a0: le bapt\u00eame ou la premi\u00e8re communion. Nous sommes heureux de pouvoir accueillir cette demande et d\u2019y r\u00e9pondre, la pr\u00e9paration aux sacrements ne se fait pas dans l\u2019\u00e9cole mais au sein de la <strong>communaut\u00e9 paroissiale d\u2019Arles.<\/strong><\/p>\n<p>Cette pr\u00e9paration permet \u00e0 ce sacrement d\u2019\u00eatre re\u00e7u avec fruit et de constituer un nouveau d\u00e9part dans la vie chr\u00e9tienne de l\u2019enfant et de la famille. Au c\u0153ur de la pr\u00e9paration au bapt\u00eame ou \u00e0 la premi\u00e8re communion, se trouve le c\u0153ur de notre vie chr\u00e9tienne, <strong>la messe du dimanche<\/strong>, o\u00f9 est c\u00e9l\u00e9br\u00e9 tout le myst\u00e8re de Dieu qui nous donne tout son amour. Nous retrouvons chaque semaine le Christ et une communaut\u00e9 unie par Lui : l\u2019Eglise. Les enfants y retrouvent d\u2019autres enfants et ils peuvent s\u2019approcher de la messe en servant la liturgie.<\/p>\n<p><strong>C\u2019est pourquoi les enfants qui pr\u00e9parent un sacrement \u00e0 Arles se retrouvent chaque dimanche \u00e0 partir de d\u00e9cembre. Programme\u00a0:<\/strong><\/p>\n<p>10h\u00a0: s\u00e9ance de cat\u00e9chisme pour pr\u00e9parer le sacrement et devenir chr\u00e9tien.<\/p>\n<p><u>(<em>Rendez-vous \u00e0 10h au coll\u00e8ge Saint Charles, 2 rue de la Calade)<\/em><\/u><\/p>\n<p><em>De 10h15 \u00e0 10h45, les parents sont invit\u00e9s \u00e0 rejoindre l\u2019Ecole de la foi \u00e0 la chapelle du coll\u00e8ge, un enseignement donn\u00e9 par les pr\u00eatres de la paroisse pour les adultes.<\/em><\/p>\n<p>11h\u00a0: Grand-messe du dimanche \u00e0 Saint-Trophime<\/p>\n<p><em>Les enfants y participent avec leur groupe\u00a0; ils peuvent aussi \u00eatre servants d\u2019autel et servantes de J\u00e9sus pour d\u00e9couvrir le sens et la beaut\u00e9 de la Messe (possibilit\u00e9 d\u2019essai, sans engagement).<\/em><\/p>\n<p><em>(Les parents sont tous bien s\u00fbr invit\u00e9s \u00e0 la messe et retrouvent leurs enfants \u00e0 l\u2019\u00e9glise <u>\u00e0 l\u2019issue de la messe)<\/u><\/em><\/p>\n<p><em>\u00a0<\/em>Une <strong>retraite<\/strong> vient achever cette pr\u00e9paration.<\/p>\n<p><strong>Date des sacrements en 2025 :<\/strong><\/p>\n<p>Bapt\u00eames : Dimanche 25 mai \u00e0 11h \u00e0 Saint-Trophime<\/p>\n<p>Premi\u00e8res communions : Dimanche 15 juin \u00e0 11h \u00e0 Saint-Trophime<\/p>\n<p>Pour plus d\u2019informations, contacter\u00a0:<\/p>\n<p>Don Pierre-Auguste de Vilmarest + pr\u00eatre<\/p>\n<p>Paroisse d&rsquo;Arles<\/p>\n<p>Maison du Carmel<\/p>\n<p>13 rue Fr\u00e9d\u00e9ric Chevillon<\/p>\n<p>13200 Arles<\/p>\n<p>07 68 74 53 83<\/p>\n<p><a href=\"mailto:padevilmarest@csm.fr\">padevilmarest@csm.fr<\/a><\/p>\n<p style=\"text-align: center;\">\n","protected":false},"excerpt":{"rendered":"<p>Bapt\u00eame et premi\u00e8re communion Certains parents demandent que leur enfant se pr\u00e9pare \u00e0 recevoir un sacrement pour fortifier sa vie chr\u00e9tienne\u00a0: le bapt\u00eame ou la premi\u00e8re communion. Nous sommes heureux de pouvoir accueillir cette demande et d\u2019y r\u00e9pondre, la pr\u00e9paration &hellip; <a href=\"https:\/\/www.ecolesaintvincentdepaul-arles.fr\/?page_id=624\">Continuer la lecture <span class=\"meta-nav\">&rarr;<\/span><\/a><\/p>\n","protected":false},"author":13,"featured_media":0,"parent":36,"menu_order":3,"comment_status":"closed","ping_status":"open","template":"","meta":{"footnotes":""},"class_list":["post-624","page","type-page","status-publish","hentry"],"_links":{"self":[{"href":"https:\/\/www.ecolesaintvincentdepaul-arles.fr\/index.php?rest_route=\/wp\/v2\/pages\/624","targetHints":{"allow":["GET"]}}],"collection":[{"href":"https:\/\/www.ecolesaintvincentdepaul-arles.fr\/index.php?rest_route=\/wp\/v2\/pages"}],"about":[{"href":"https:\/\/www.ecolesaintvincentdepaul-arles.fr\/index.php?rest_route=\/wp\/v2\/types\/page"}],"author":[{"embeddable":true,"href":"https:\/\/www.ecolesaintvincentdepaul-arles.fr\/index.php?rest_route=\/wp\/v2\/users\/13"}],"replies":[{"embeddable":true,"href":"https:\/\/www.ecolesaintvincentdepaul-arles.fr\/index.php?rest_route=%2Fwp%2Fv2%2Fcomments&post=624"}],"version-history":[{"count":5,"href":"https:\/\/www.ecolesaintvincentdepaul-arles.fr\/index.php?rest_route=\/wp\/v2\/pages\/624\/revisions"}],"predecessor-version":[{"id":16368,"href":"https:\/\/www.ecolesaintvincentdepaul-arles.fr\/index.php?rest_route=\/wp\/v2\/pages\/624\/revisions\/16368"}],"up":[{"embeddable":true,"href":"https:\/\/www.ecolesaintvincentdepaul-arles.fr\/index.php?rest_route=\/wp\/v2\/pages\/36"}],"wp:attachment":[{"href":"https:\/\/www.ecolesaintvincentdepaul-arles.fr\/index.php?rest_route=%2Fwp%2Fv2%2Fmedia&parent=624"}],"curies":[{"name":"wp","href":"https:\/\/api.w.org\/{rel}","templated":true}]}}